{"id":2426,"date":"2023-11-11T15:37:40","date_gmt":"2023-11-11T14:37:40","guid":{"rendered":"https:\/\/savonock.fr\/?page_id=2426"},"modified":"2025-12-01T00:53:01","modified_gmt":"2025-11-30T23:53:01","slug":"la-boutique","status":"publish","type":"page","link":"https:\/\/savonock.fr\/index.php\/la-boutique\/","title":{"rendered":"La boutique"},"content":{"rendered":"\n<div class=\"wp-block-columns is-layout-flex wp-container-core-columns-is-layout-9d6595d7 wp-block-columns-is-layout-flex\">\n<div class=\"wp-block-column is-layout-flow wp-block-column-is-layout-flow\" style=\"flex-basis:100%\"><style>.kb-row-layout-id2426_9e2f95-58 > .kt-row-column-wrap{align-content:center;}:where(.kb-row-layout-id2426_9e2f95-58 > .kt-row-column-wrap) > .wp-block-kadence-column{justify-content:center;}.kb-row-layout-id2426_9e2f95-58 > .kt-row-column-wrap{column-gap:var(--global-kb-gap-md, 2rem);row-gap:var(--global-kb-gap-md, 2rem);max-width:886px;margin-left:auto;margin-right:auto;padding-top:var(--global-kb-spacing-sm, 1.5rem);padding-bottom:var(--global-kb-spacing-sm, 1.5rem);grid-template-columns:minmax(0, 1fr);}.kb-row-layout-id2426_9e2f95-58 > .kt-row-layout-overlay{opacity:0.30;}@media all and (max-width: 1024px){.kb-row-layout-id2426_9e2f95-58 > .kt-row-column-wrap{grid-template-columns:minmax(0, 1fr);}}@media all and (max-width: 767px){.kb-row-layout-id2426_9e2f95-58 > .kt-row-column-wrap{grid-template-columns:minmax(0, 1fr);}}<\/style><div class=\"kb-row-layout-wrap kb-row-layout-id2426_9e2f95-58 aligncenter wp-block-kadence-rowlayout\"><div class=\"kt-row-column-wrap kt-has-1-columns kt-row-layout-equal kt-tab-layout-inherit kt-mobile-layout-row kt-row-valign-middle\">\n<style>.kadence-column2426_987b1d-5a > .kt-inside-inner-col,.kadence-column2426_987b1d-5a > .kt-inside-inner-col:before{border-top-left-radius:0px;border-top-right-radius:0px;border-bottom-right-radius:0px;border-bottom-left-radius:0px;}.kadence-column2426_987b1d-5a > .kt-inside-inner-col:before{opacity:0.3;}.kadence-column2426_987b1d-5a{position:relative;}<\/style>\n<div class=\"wp-block-kadence-column kadence-column2426_987b1d-5a\"><div class=\"kt-inside-inner-col\">\n<h2 class=\"wp-block-heading has-text-align-center has-theme-palette-9-color has-theme-palette-1-background-color has-text-color has-background has-medium-font-size\"><strong>La Boutique<\/strong><\/h2>\n<\/div><\/div>\n\n<\/div><\/div><\/div>\n<\/div>\n\n\n<style>.kb-image2426_b6f277-a4 .kb-image-has-overlay:after{opacity:0.3;}<\/style>\n<div class=\"wp-block-kadence-image kb-image2426_b6f277-a4\"><figure class=\"aligncenter size-large\"><img loading=\"lazy\" decoding=\"async\" width=\"819\" height=\"1024\" src=\"https:\/\/savonock.fr\/wp-content\/uploads\/2025\/12\/horaires-de-noel-25-819x1024.png\" alt=\"\" class=\"kb-img wp-image-2635\" srcset=\"https:\/\/savonock.fr\/wp-content\/uploads\/2025\/12\/horaires-de-noel-25-819x1024.png 819w, https:\/\/savonock.fr\/wp-content\/uploads\/2025\/12\/horaires-de-noel-25-240x300.png 240w, https:\/\/savonock.fr\/wp-content\/uploads\/2025\/12\/horaires-de-noel-25-768x960.png 768w, https:\/\/savonock.fr\/wp-content\/uploads\/2025\/12\/horaires-de-noel-25.png 1080w\" sizes=\"auto, (max-width: 819px) 100vw, 819px\" \/><\/figure><\/div>\n\n\n<style>.kb-row-layout-id2426_c1ecad-21 > .kt-row-column-wrap{align-content:start;}:where(.kb-row-layout-id2426_c1ecad-21 > .kt-row-column-wrap) > .wp-block-kadence-column{justify-content:start;}.kb-row-layout-id2426_c1ecad-21 > .kt-row-column-wrap{column-gap:var(--global-kb-gap-md, 2rem);row-gap:var(--global-kb-gap-md, 2rem);padding-top:var(--global-kb-spacing-sm, 1.5rem);padding-bottom:var(--global-kb-spacing-sm, 1.5rem);grid-template-columns:minmax(0, 1fr);}.kb-row-layout-id2426_c1ecad-21 > .kt-row-layout-overlay{opacity:0.30;}@media all and (max-width: 1024px){.kb-row-layout-id2426_c1ecad-21 > .kt-row-column-wrap{grid-template-columns:minmax(0, 1fr);}}@media all and (max-width: 767px){.kb-row-layout-id2426_c1ecad-21 > .kt-row-column-wrap{grid-template-columns:minmax(0, 1fr);}}<\/style><div class=\"kb-row-layout-wrap kb-row-layout-id2426_c1ecad-21 alignnone wp-block-kadence-rowlayout\"><div class=\"kt-row-column-wrap kt-has-1-columns kt-row-layout-equal kt-tab-layout-inherit kt-mobile-layout-row kt-row-valign-top\">\n<style>.kadence-column2426_ceed1e-2f > .kt-inside-inner-col,.kadence-column2426_ceed1e-2f > .kt-inside-inner-col:before{border-top-left-radius:0px;border-top-right-radius:0px;border-bottom-right-radius:0px;border-bottom-left-radius:0px;}.kadence-column2426_ceed1e-2f > .kt-inside-inner-col:before{opacity:0.3;}.kadence-column2426_ceed1e-2f{position:relative;}<\/style>\n<div class=\"wp-block-kadence-column kadence-column2426_ceed1e-2f\"><div class=\"kt-inside-inner-col\"><\/div><\/div>\n\n<\/div><\/div>\n\n<style>.kb-row-layout-id2426_05b8ef-0e > .kt-row-column-wrap{align-content:start;}:where(.kb-row-layout-id2426_05b8ef-0e > .kt-row-column-wrap) > .wp-block-kadence-column{justify-content:start;}.kb-row-layout-id2426_05b8ef-0e > .kt-row-column-wrap{column-gap:var(--global-kb-gap-md, 2rem);row-gap:var(--global-kb-gap-md, 2rem);max-width:var( --global-content-width, 1475px );padding-left:var(--global-content-edge-padding);padding-right:var(--global-content-edge-padding);padding-top:var(--global-kb-spacing-md, 2rem);padding-bottom:var(--global-kb-spacing-xs, 1rem);grid-template-columns:minmax(0, 1fr);}.kb-row-layout-id2426_05b8ef-0e > .kt-row-layout-overlay{opacity:0.60;background-color:var(--global-palette9, #ffffff);}@media all and (max-width: 1024px){.kb-row-layout-id2426_05b8ef-0e > .kt-row-column-wrap{grid-template-columns:minmax(0, 1fr);}}@media all and (max-width: 767px){.kb-row-layout-id2426_05b8ef-0e > .kt-row-column-wrap{padding-top:var(--global-kb-spacing-xxl, 5rem);padding-right:var(--global-kb-spacing-xs, 1rem);padding-left:var(--global-kb-spacing-xs, 1rem);grid-template-columns:minmax(0, 1fr);}}<\/style><div class=\"kb-row-layout-wrap kb-row-layout-id2426_05b8ef-0e alignfull has-theme-palette8-background-color kt-row-has-bg wp-block-kadence-rowlayout\"><div class=\"kt-row-layout-overlay kt-row-overlay-normal\"><\/div><div class=\"kt-row-column-wrap kt-has-1-columns kt-row-layout-equal kt-tab-layout-inherit kt-mobile-layout-row kt-row-valign-top kb-theme-content-width\">\n<style>.kadence-column2426_a6ef38-e0, .kt-inside-inner-col > .kadence-column2426_a6ef38-e0:not(.specificity){margin-bottom:0px;}.kadence-column2426_a6ef38-e0 > .kt-inside-inner-col{padding-bottom:0px;}.kadence-column2426_a6ef38-e0 > .kt-inside-inner-col,.kadence-column2426_a6ef38-e0 > .kt-inside-inner-col:before{border-top-left-radius:0px;border-top-right-radius:0px;border-bottom-right-radius:0px;border-bottom-left-radius:0px;}.kadence-column2426_a6ef38-e0 > .kt-inside-inner-col{justify-content:flex-start;flex-direction:column;display:flex;}.kadence-column2426_a6ef38-e0 > .kt-inside-inner-col > .aligncenter{width:100%;}.kt-row-column-wrap > .kadence-column2426_a6ef38-e0{align-self:flex-start;}.kt-inner-column-height-full:not(.kt-has-1-columns) > .wp-block-kadence-column.kadence-column2426_a6ef38-e0{align-self:auto;}.kt-inner-column-height-full:not(.kt-has-1-columns) > .wp-block-kadence-column.kadence-column2426_a6ef38-e0 > .kt-inside-inner-col{display:flex;flex-direction:column;justify-content:flex-start;}.kadence-column2426_a6ef38-e0 > .kt-inside-inner-col:before{opacity:0.3;}.kadence-column2426_a6ef38-e0{text-align:center;}.kadence-column2426_a6ef38-e0{position:relative;}<\/style>\n<div class=\"wp-block-kadence-column kadence-column2426_a6ef38-e0 kb-section-dir-vertical inner-column-2\"><div class=\"kt-inside-inner-col\">\n<p>La savonnerie Bulle d\u2019Olicopkar c\u2019est aussi une boutique<\/p>\n\n\n\n<p>La boutique de la Savonnerie Bulle d\u2019Olicopkar \u00e0 ouvert le 14 janvier 2023 au c\u0153ur du village de Saint amans Valtoret<\/p>\n\n\n\n<p>Une boutique enti\u00e8rement d\u00e9di\u00e9e&nbsp; \u00e0 l\u2019univers du savon traditionnel compl\u00e9t\u00e9 par toute une gamme de produits li\u00e9s au bien \u00eatre, qui correspondent de plus en plus \u00e0 la demande actuelle &#8230;<\/p>\n<\/div><\/div>\n\n<\/div><\/div>\n\n\n<p class=\"has-text-align-center\">La boutique se situe au 3 avenue du Ch\u00e2teau \u00e0 Saint amans Valtoret<\/p>\n\n\n<style>.kb-image2426_4bbbea-71.kb-image-is-ratio-size, .kb-image2426_4bbbea-71 .kb-image-is-ratio-size{max-width:397px;width:100%;}.kb-image2426_4bbbea-71 figure{max-width:397px;}.kb-image2426_4bbbea-71 .image-is-svg, .kb-image2426_4bbbea-71 .image-is-svg img{width:100%;}.kb-image2426_4bbbea-71 .kb-image-has-overlay:after{opacity:0.3;}<\/style>\n<div class=\"wp-block-kadence-image kb-image2426_4bbbea-71\"><figure class=\"aligncenter size-large\"><img loading=\"lazy\" decoding=\"async\" width=\"1024\" height=\"698\" src=\"https:\/\/savonock.fr\/wp-content\/uploads\/2024\/04\/Copie-de-Sans-titre-5-x-5-po-5-x-5-cm-21-x-29-cm-22-x-15-cm-1024x698.png\" alt=\"\" class=\"kb-img wp-image-2603\" srcset=\"https:\/\/savonock.fr\/wp-content\/uploads\/2024\/04\/Copie-de-Sans-titre-5-x-5-po-5-x-5-cm-21-x-29-cm-22-x-15-cm-1024x698.png 1024w, https:\/\/savonock.fr\/wp-content\/uploads\/2024\/04\/Copie-de-Sans-titre-5-x-5-po-5-x-5-cm-21-x-29-cm-22-x-15-cm-300x205.png 300w, https:\/\/savonock.fr\/wp-content\/uploads\/2024\/04\/Copie-de-Sans-titre-5-x-5-po-5-x-5-cm-21-x-29-cm-22-x-15-cm-768x524.png 768w, https:\/\/savonock.fr\/wp-content\/uploads\/2024\/04\/Copie-de-Sans-titre-5-x-5-po-5-x-5-cm-21-x-29-cm-22-x-15-cm-1536x1048.png 1536w, https:\/\/savonock.fr\/wp-content\/uploads\/2024\/04\/Copie-de-Sans-titre-5-x-5-po-5-x-5-cm-21-x-29-cm-22-x-15-cm.png 2000w\" sizes=\"auto, (max-width: 1024px) 100vw, 1024px\" \/><\/figure><\/div>\n\n\n\n<ul class=\"wp-block-list\">\n<li>Vente directe de savons<\/li>\n\n\n\n<li>Commandes par mail et t\u00e9l\u00e9phone<\/li>\n\n\n\n<li>Livraison en colissimo ou retrait en boutique<\/li>\n<\/ul>\n\n\n<style>.wp-block-kadence-advancedgallery .kb-gallery-type-masonry.kb-gallery-id-2426_943dc4-e8{margin:-5px;}.kb-gallery-type-masonry.kb-gallery-id-2426_943dc4-e8 .kadence-blocks-gallery-item{padding:5px;}.kb-gallery-id-2426_943dc4-e8 .kadence-blocks-gallery-item .kb-gal-image-radius{border-radius:0px 0px 0px 0px;}.kb-gallery-id-2426_943dc4-e8 .kadence-blocks-gallery-item .kadence-blocks-gallery-item-inner .kadence-blocks-gallery-item__caption{background:linear-gradient( 0deg, rgba(0, 0, 0, 0.5) 0, rgba(0, 0, 0, 0) 100% );}.kb-gallery-caption-style-cover-hover.kb-gallery-id-2426_943dc4-e8 .kadence-blocks-gallery-item .kadence-blocks-gallery-item-inner .kadence-blocks-gallery-item__caption, .kb-gallery-caption-style-below.kb-gallery-id-2426_943dc4-e8 .kadence-blocks-gallery-item .kadence-blocks-gallery-item-inner .kadence-blocks-gallery-item__caption{background:rgba(0, 0, 0, 0.5);}<\/style><div class=\"kb-gallery-wrap-id-2426_943dc4-e8 alignnone wp-block-kadence-advancedgallery\"><ul class=\"kb-gallery-ul kb-gallery-non-static kb-gallery-type-masonry kb-masonry-init kb-gallery-id-2426_943dc4-e8 kb-gallery-caption-style-bottom-hover kb-gallery-filter-none\" data-image-filter=\"none\" data-item-selector=\".kadence-blocks-gallery-item\" data-lightbox-caption=\"true\" data-columns-xxl=\"3\" data-columns-xl=\"3\" data-columns-md=\"3\" data-columns-sm=\"2\" data-columns-xs=\"1\" data-columns-ss=\"1\"><li class=\"kadence-blocks-gallery-item\"><div class=\"kadence-blocks-gallery-item-inner\"><figure class=\"kb-gallery-figure kadence-blocks-gallery-item-has-caption\"><div class=\"kb-gal-image-radius\" style=\"max-width:1024px;\"><div class=\"kb-gallery-image-contain kadence-blocks-gallery-intrinsic\" style=\"padding-bottom:87%;\"><img loading=\"lazy\" decoding=\"async\" src=\"https:\/\/savonock.fr\/wp-content\/uploads\/2023\/10\/devant-1024x898.jpg\" width=\"1024\" height=\"898\" alt=\"\" data-full-image=\"https:\/\/savonock.fr\/wp-content\/uploads\/2023\/10\/devant.jpg\" data-light-image=\"https:\/\/savonock.fr\/wp-content\/uploads\/2023\/10\/devant.jpg\" data-id=\"2073\" class=\"wp-image-2073\" srcset=\"https:\/\/savonock.fr\/wp-content\/uploads\/2023\/10\/devant-1024x898.jpg 1024w, https:\/\/savonock.fr\/wp-content\/uploads\/2023\/10\/devant-300x263.jpg 300w, https:\/\/savonock.fr\/wp-content\/uploads\/2023\/10\/devant-768x674.jpg 768w, https:\/\/savonock.fr\/wp-content\/uploads\/2023\/10\/devant.jpg 1313w\" sizes=\"auto, (max-width: 1024px) 100vw, 1024px\" \/><\/div><\/div><\/figure><\/div><\/li><li class=\"kadence-blocks-gallery-item\"><div class=\"kadence-blocks-gallery-item-inner\"><figure class=\"kb-gallery-figure kadence-blocks-gallery-item-has-caption\"><div class=\"kb-gal-image-radius\" style=\"max-width:1024px;\"><div class=\"kb-gallery-image-contain kadence-blocks-gallery-intrinsic\" style=\"padding-bottom:82%;\"><img loading=\"lazy\" decoding=\"async\" src=\"https:\/\/savonock.fr\/wp-content\/uploads\/2023\/10\/devanture-savonnerie-nx-1024x844.jpg\" width=\"1024\" height=\"844\" alt=\"\" data-full-image=\"https:\/\/savonock.fr\/wp-content\/uploads\/2023\/10\/devanture-savonnerie-nx.jpg\" data-light-image=\"https:\/\/savonock.fr\/wp-content\/uploads\/2023\/10\/devanture-savonnerie-nx.jpg\" data-id=\"1370\" class=\"wp-image-1370\" srcset=\"https:\/\/savonock.fr\/wp-content\/uploads\/2023\/10\/devanture-savonnerie-nx-1024x844.jpg 1024w, https:\/\/savonock.fr\/wp-content\/uploads\/2023\/10\/devanture-savonnerie-nx-600x495.jpg 600w, https:\/\/savonock.fr\/wp-content\/uploads\/2023\/10\/devanture-savonnerie-nx-300x247.jpg 300w, https:\/\/savonock.fr\/wp-content\/uploads\/2023\/10\/devanture-savonnerie-nx-768x633.jpg 768w, https:\/\/savonock.fr\/wp-content\/uploads\/2023\/10\/devanture-savonnerie-nx.jpg 1266w\" sizes=\"auto, (max-width: 1024px) 100vw, 1024px\" \/><\/div><\/div><\/figure><\/div><\/li><li class=\"kadence-blocks-gallery-item\"><div class=\"kadence-blocks-gallery-item-inner\"><figure class=\"kb-gallery-figure\"><div class=\"kb-gal-image-radius\" style=\"max-width:1024px;\"><div class=\"kb-gallery-image-contain kadence-blocks-gallery-intrinsic\" style=\"padding-bottom:96%;\"><img loading=\"lazy\" decoding=\"async\" src=\"https:\/\/savonock.fr\/wp-content\/uploads\/2023\/10\/vitrine-nx-1024x990.jpg\" width=\"1024\" height=\"990\" alt=\"\" data-full-image=\"https:\/\/savonock.fr\/wp-content\/uploads\/2023\/10\/vitrine-nx.jpg\" data-light-image=\"https:\/\/savonock.fr\/wp-content\/uploads\/2023\/10\/vitrine-nx.jpg\" data-id=\"1371\" class=\"wp-image-1371\" srcset=\"https:\/\/savonock.fr\/wp-content\/uploads\/2023\/10\/vitrine-nx-1024x990.jpg 1024w, https:\/\/savonock.fr\/wp-content\/uploads\/2023\/10\/vitrine-nx-600x580.jpg 600w, https:\/\/savonock.fr\/wp-content\/uploads\/2023\/10\/vitrine-nx-300x290.jpg 300w, https:\/\/savonock.fr\/wp-content\/uploads\/2023\/10\/vitrine-nx-768x743.jpg 768w, https:\/\/savonock.fr\/wp-content\/uploads\/2023\/10\/vitrine-nx-1536x1485.jpg 1536w, https:\/\/savonock.fr\/wp-content\/uploads\/2023\/10\/vitrine-nx-2048x1980.jpg 2048w\" sizes=\"auto, (max-width: 1024px) 100vw, 1024px\" \/><\/div><\/div><\/figure><\/div><\/li><li class=\"kadence-blocks-gallery-item\"><div class=\"kadence-blocks-gallery-item-inner\"><figure class=\"kb-gallery-figure kadence-blocks-gallery-item-has-caption\"><div class=\"kb-gal-image-radius\" style=\"max-width:1024px;\"><div class=\"kb-gallery-image-contain kadence-blocks-gallery-intrinsic\" style=\"padding-bottom:90%;\"><img loading=\"lazy\" decoding=\"async\" src=\"https:\/\/savonock.fr\/wp-content\/uploads\/2023\/10\/IMG_E0451-1024x928.jpg\" width=\"1024\" height=\"928\" alt=\"\" data-full-image=\"https:\/\/savonock.fr\/wp-content\/uploads\/2023\/10\/IMG_E0451.jpg\" data-light-image=\"https:\/\/savonock.fr\/wp-content\/uploads\/2023\/10\/IMG_E0451.jpg\" data-id=\"1373\" class=\"wp-image-1373\" srcset=\"https:\/\/savonock.fr\/wp-content\/uploads\/2023\/10\/IMG_E0451-1024x928.jpg 1024w, https:\/\/savonock.fr\/wp-content\/uploads\/2023\/10\/IMG_E0451-600x544.jpg 600w, https:\/\/savonock.fr\/wp-content\/uploads\/2023\/10\/IMG_E0451-300x272.jpg 300w, https:\/\/savonock.fr\/wp-content\/uploads\/2023\/10\/IMG_E0451-768x696.jpg 768w, https:\/\/savonock.fr\/wp-content\/uploads\/2023\/10\/IMG_E0451-1536x1392.jpg 1536w, https:\/\/savonock.fr\/wp-content\/uploads\/2023\/10\/IMG_E0451.jpg 1980w\" sizes=\"auto, (max-width: 1024px) 100vw, 1024px\" \/><\/div><\/div><\/figure><\/div><\/li><li class=\"kadence-blocks-gallery-item\"><div class=\"kadence-blocks-gallery-item-inner\"><figure class=\"kb-gallery-figure kadence-blocks-gallery-item-has-caption\"><div class=\"kb-gal-image-radius\" style=\"max-width:967px;\"><div class=\"kb-gallery-image-contain kadence-blocks-gallery-intrinsic\" style=\"padding-bottom:105%;\"><img loading=\"lazy\" decoding=\"async\" src=\"https:\/\/savonock.fr\/wp-content\/uploads\/2023\/10\/IMG_E1087-967x1024.jpg\" width=\"967\" height=\"1024\" alt=\"\" data-full-image=\"https:\/\/savonock.fr\/wp-content\/uploads\/2023\/10\/IMG_E1087.jpg\" data-light-image=\"https:\/\/savonock.fr\/wp-content\/uploads\/2023\/10\/IMG_E1087.jpg\" data-id=\"1374\" class=\"wp-image-1374\" srcset=\"https:\/\/savonock.fr\/wp-content\/uploads\/2023\/10\/IMG_E1087-967x1024.jpg 967w, https:\/\/savonock.fr\/wp-content\/uploads\/2023\/10\/IMG_E1087-600x635.jpg 600w, https:\/\/savonock.fr\/wp-content\/uploads\/2023\/10\/IMG_E1087-283x300.jpg 283w, https:\/\/savonock.fr\/wp-content\/uploads\/2023\/10\/IMG_E1087-768x813.jpg 768w, https:\/\/savonock.fr\/wp-content\/uploads\/2023\/10\/IMG_E1087-1451x1536.jpg 1451w, https:\/\/savonock.fr\/wp-content\/uploads\/2023\/10\/IMG_E1087.jpg 1889w\" sizes=\"auto, (max-width: 967px) 100vw, 967px\" \/><\/div><\/div><\/figure><\/div><\/li><li class=\"kadence-blocks-gallery-item\"><div class=\"kadence-blocks-gallery-item-inner\"><figure class=\"kb-gallery-figure kadence-blocks-gallery-item-has-caption\"><div class=\"kb-gal-image-radius\" style=\"max-width:904px;\"><div class=\"kb-gallery-image-contain kadence-blocks-gallery-intrinsic\" style=\"padding-bottom:113%;\"><img loading=\"lazy\" decoding=\"async\" src=\"https:\/\/savonock.fr\/wp-content\/uploads\/2023\/10\/verriere-904x1024.jpg\" width=\"904\" height=\"1024\" alt=\"\" data-full-image=\"https:\/\/savonock.fr\/wp-content\/uploads\/2023\/10\/verriere.jpg\" data-light-image=\"https:\/\/savonock.fr\/wp-content\/uploads\/2023\/10\/verriere.jpg\" data-id=\"1715\" class=\"wp-image-1715\" srcset=\"https:\/\/savonock.fr\/wp-content\/uploads\/2023\/10\/verriere-904x1024.jpg 904w, https:\/\/savonock.fr\/wp-content\/uploads\/2023\/10\/verriere-265x300.jpg 265w, https:\/\/savonock.fr\/wp-content\/uploads\/2023\/10\/verriere-768x870.jpg 768w, https:\/\/savonock.fr\/wp-content\/uploads\/2023\/10\/verriere.jpg 968w\" sizes=\"auto, (max-width: 904px) 100vw, 904px\" \/><\/div><\/div><\/figure><\/div><\/li><li class=\"kadence-blocks-gallery-item\"><div class=\"kadence-blocks-gallery-item-inner\"><figure class=\"kb-gallery-figure kadence-blocks-gallery-item-has-caption\"><div class=\"kb-gal-image-radius\" style=\"max-width:1008px;\"><div class=\"kb-gallery-image-contain kadence-blocks-gallery-intrinsic\" style=\"padding-bottom:75%;\"><img loading=\"lazy\" decoding=\"async\" src=\"https:\/\/savonock.fr\/wp-content\/uploads\/2023\/10\/IMG_0729.jpg\" width=\"1008\" height=\"756\" alt=\"\" data-full-image=\"https:\/\/savonock.fr\/wp-content\/uploads\/2023\/10\/IMG_0729.jpg\" data-light-image=\"https:\/\/savonock.fr\/wp-content\/uploads\/2023\/10\/IMG_0729.jpg\" data-id=\"1372\" class=\"wp-image-1372\" srcset=\"https:\/\/savonock.fr\/wp-content\/uploads\/2023\/10\/IMG_0729.jpg 1008w, https:\/\/savonock.fr\/wp-content\/uploads\/2023\/10\/IMG_0729-600x450.jpg 600w, https:\/\/savonock.fr\/wp-content\/uploads\/2023\/10\/IMG_0729-300x225.jpg 300w, https:\/\/savonock.fr\/wp-content\/uploads\/2023\/10\/IMG_0729-768x576.jpg 768w\" sizes=\"auto, (max-width: 1008px) 100vw, 1008px\" \/><\/div><\/div><\/figure><\/div><\/li><\/ul><\/div>\n\n<style>.kb-row-layout-id2426_c68628-14 > .kt-row-column-wrap{align-content:start;}:where(.kb-row-layout-id2426_c68628-14 > .kt-row-column-wrap) > .wp-block-kadence-column{justify-content:start;}.kb-row-layout-id2426_c68628-14 > .kt-row-column-wrap{column-gap:var(--global-kb-gap-md, 2rem);row-gap:var(--global-kb-gap-md, 2rem);max-width:var( --global-content-width, 1475px );padding-left:var(--global-content-edge-padding);padding-right:var(--global-content-edge-padding);padding-top:var(--global-kb-spacing-xs, 1rem);padding-bottom:var(--global-kb-spacing-xl, 4rem);grid-template-columns:minmax(0, 1fr);}.kb-row-layout-id2426_c68628-14 > .kt-row-layout-overlay{opacity:0.30;}@media all and (max-width: 1024px){.kb-row-layout-id2426_c68628-14 > .kt-row-column-wrap{grid-template-columns:minmax(0, 1fr);}}@media all and (max-width: 767px){.kb-row-layout-id2426_c68628-14 > .kt-row-column-wrap{grid-template-columns:minmax(0, 1fr);}}<\/style><div class=\"kb-row-layout-wrap kb-row-layout-id2426_c68628-14 alignnone has-theme-palette9-background-color kt-row-has-bg wp-block-kadence-rowlayout\"><div class=\"kt-row-column-wrap kt-has-1-columns kt-row-layout-equal kt-tab-layout-inherit kt-mobile-layout-row kt-row-valign-top kb-theme-content-width\">\n<style>.kadence-column2426_4ba1e5-e5 > .kt-inside-inner-col,.kadence-column2426_4ba1e5-e5 > .kt-inside-inner-col:before{border-top-left-radius:0px;border-top-right-radius:0px;border-bottom-right-radius:0px;border-bottom-left-radius:0px;}.kadence-column2426_4ba1e5-e5 > .kt-inside-inner-col:before{opacity:0.3;}.kadence-column2426_4ba1e5-e5{text-align:left;}.kadence-column2426_4ba1e5-e5{position:relative;}<\/style>\n<div class=\"wp-block-kadence-column kadence-column2426_4ba1e5-e5 kb-section-dir-vertical inner-column-1\"><div class=\"kt-inside-inner-col\"><\/div><\/div>\n\n<\/div><\/div>\n\n<style>.kb-row-layout-id2426_4c9a1e-65 > .kt-row-column-wrap{align-content:start;}:where(.kb-row-layout-id2426_4c9a1e-65 > .kt-row-column-wrap) > .wp-block-kadence-column{justify-content:start;}.kb-row-layout-id2426_4c9a1e-65 > .kt-row-column-wrap{column-gap:var(--global-kb-gap-md, 2rem);row-gap:var(--global-kb-gap-md, 2rem);padding-top:var(--global-kb-spacing-sm, 1.5rem);padding-bottom:var(--global-kb-spacing-sm, 1.5rem);grid-template-columns:repeat(2, minmax(0, 1fr));}.kb-row-layout-id2426_4c9a1e-65 > .kt-row-layout-overlay{opacity:0.30;}@media all and (max-width: 1024px){.kb-row-layout-id2426_4c9a1e-65 > .kt-row-column-wrap{grid-template-columns:repeat(2, minmax(0, 1fr));}}@media all and (max-width: 767px){.kb-row-layout-id2426_4c9a1e-65 > .kt-row-column-wrap{grid-template-columns:minmax(0, 1fr);}}<\/style><div class=\"kb-row-layout-wrap kb-row-layout-id2426_4c9a1e-65 alignnone wp-block-kadence-rowlayout\"><div class=\"kt-row-column-wrap kt-has-2-columns kt-row-layout-equal kt-tab-layout-inherit kt-mobile-layout-row kt-row-valign-top\">\n<style>.kadence-column2426_010050-c1 > .kt-inside-inner-col,.kadence-column2426_010050-c1 > .kt-inside-inner-col:before{border-top-left-radius:0px;border-top-right-radius:0px;border-bottom-right-radius:0px;border-bottom-left-radius:0px;}.kadence-column2426_010050-c1 > .kt-inside-inner-col:before{opacity:0.3;}.kadence-column2426_010050-c1{position:relative;}<\/style>\n<div class=\"wp-block-kadence-column kadence-column2426_010050-c1\"><div class=\"kt-inside-inner-col\"><\/div><\/div>\n\n\n<style>.kadence-column2426_a4766b-fc > .kt-inside-inner-col,.kadence-column2426_a4766b-fc > .kt-inside-inner-col:before{border-top-left-radius:0px;border-top-right-radius:0px;border-bottom-right-radius:0px;border-bottom-left-radius:0px;}.kadence-column2426_a4766b-fc > .kt-inside-inner-col:before{opacity:0.3;}.kadence-column2426_a4766b-fc{position:relative;}<\/style>\n<div class=\"wp-block-kadence-column kadence-column2426_a4766b-fc\"><div class=\"kt-inside-inner-col\"><\/div><\/div>\n\n<\/div><\/div>\n\n\n<p><\/p>\n","protected":false},"excerpt":{"rendered":"<p>La Boutique La savonnerie Bulle d\u2019Olicopkar c\u2019est aussi une boutique La boutique de la Savonnerie Bulle d\u2019Olicopkar \u00e0 ouvert le 14 janvier 2023 au c\u0153ur du village de Saint amans Valtoret Une boutique enti\u00e8rement d\u00e9di\u00e9e&nbsp; \u00e0 l\u2019univers du savon traditionnel compl\u00e9t\u00e9 par toute une gamme de produits li\u00e9s au bien \u00eatre, qui correspondent de plus&#8230;<\/p>\n","protected":false},"author":1,"featured_media":0,"parent":0,"menu_order":0,"comment_status":"closed","ping_status":"closed","template":"","meta":{"_kad_post_transparent":"","_kad_post_title":"","_kad_post_layout":"normal","_kad_post_sidebar_id":"","_kad_post_content_style":"","_kad_post_vertical_padding":"","_kad_post_feature":"","_kad_post_feature_position":"","_kad_post_header":false,"_kad_post_footer":false,"footnotes":""},"class_list":["post-2426","page","type-page","status-publish","hentry"],"_links":{"self":[{"href":"https:\/\/savonock.fr\/index.php\/wp-json\/wp\/v2\/pages\/2426","targetHints":{"allow":["GET"]}}],"collection":[{"href":"https:\/\/savonock.fr\/index.php\/wp-json\/wp\/v2\/pages"}],"about":[{"href":"https:\/\/savonock.fr\/index.php\/wp-json\/wp\/v2\/types\/page"}],"author":[{"embeddable":true,"href":"https:\/\/savonock.fr\/index.php\/wp-json\/wp\/v2\/users\/1"}],"replies":[{"embeddable":true,"href":"https:\/\/savonock.fr\/index.php\/wp-json\/wp\/v2\/comments?post=2426"}],"version-history":[{"count":8,"href":"https:\/\/savonock.fr\/index.php\/wp-json\/wp\/v2\/pages\/2426\/revisions"}],"predecessor-version":[{"id":2638,"href":"https:\/\/savonock.fr\/index.php\/wp-json\/wp\/v2\/pages\/2426\/revisions\/2638"}],"wp:attachment":[{"href":"https:\/\/savonock.fr\/index.php\/wp-json\/wp\/v2\/media?parent=2426"}],"curies":[{"name":"wp","href":"https:\/\/api.w.org\/{rel}","templated":true}]}}