{"id":1914,"date":"2023-10-12T08:32:52","date_gmt":"2023-10-12T06:32:52","guid":{"rendered":"https:\/\/savonock.fr\/?page_id=1914"},"modified":"2024-05-08T08:29:30","modified_gmt":"2024-05-08T06:29:30","slug":"les-coffrets-de-noel-2","status":"publish","type":"page","link":"https:\/\/savonock.fr\/index.php\/les-coffrets-de-noel-2\/","title":{"rendered":"Les coffrets Saisonniers"},"content":{"rendered":"\n<div style=\"height:17px\" aria-hidden=\"true\" class=\"wp-block-spacer\"><\/div>\n\n\n<style>.kb-row-layout-id1914_e2f8cd-d9 > .kt-row-column-wrap{align-content:start;}:where(.kb-row-layout-id1914_e2f8cd-d9 > .kt-row-column-wrap) > .wp-block-kadence-column{justify-content:start;}.kb-row-layout-id1914_e2f8cd-d9 > .kt-row-column-wrap{column-gap:var(--global-kb-gap-md, 2rem);row-gap:var(--global-kb-gap-md, 2rem);padding-top:var(--global-kb-spacing-sm, 1.5rem);padding-bottom:var(--global-kb-spacing-sm, 1.5rem);grid-template-columns:minmax(0, 1fr);}.kb-row-layout-id1914_e2f8cd-d9 > .kt-row-layout-overlay{opacity:0.30;}@media all and (max-width: 1024px){.kb-row-layout-id1914_e2f8cd-d9 > .kt-row-column-wrap{grid-template-columns:minmax(0, 1fr);}}@media all and (max-width: 767px){.kb-row-layout-id1914_e2f8cd-d9 > .kt-row-column-wrap{grid-template-columns:minmax(0, 1fr);}}<\/style><div class=\"kb-row-layout-wrap kb-row-layout-id1914_e2f8cd-d9 alignnone wp-block-kadence-rowlayout\"><div class=\"kt-row-column-wrap kt-has-1-columns kt-row-layout-equal kt-tab-layout-inherit kt-mobile-layout-row kt-row-valign-top\">\n<style>.kadence-column1914_ca1a85-da > .kt-inside-inner-col,.kadence-column1914_ca1a85-da > .kt-inside-inner-col:before{border-top-left-radius:0px;border-top-right-radius:0px;border-bottom-right-radius:0px;border-bottom-left-radius:0px;}.kadence-column1914_ca1a85-da > .kt-inside-inner-col:before{opacity:0.3;}.kadence-column1914_ca1a85-da{position:relative;}<\/style>\n<div class=\"wp-block-kadence-column kadence-column1914_ca1a85-da\"><div class=\"kt-inside-inner-col\"><style>.kb-row-layout-id1914_5e3337-4f > .kt-row-column-wrap{align-content:start;}:where(.kb-row-layout-id1914_5e3337-4f > .kt-row-column-wrap) > .wp-block-kadence-column{justify-content:start;}.kb-row-layout-id1914_5e3337-4f > .kt-row-column-wrap{column-gap:var(--global-kb-gap-md, 2rem);row-gap:var(--global-kb-gap-md, 2rem);padding-top:var(--global-kb-spacing-sm, 1.5rem);padding-bottom:var(--global-kb-spacing-sm, 1.5rem);grid-template-columns:minmax(0, 1fr);}.kb-row-layout-id1914_5e3337-4f > .kt-row-layout-overlay{opacity:0.30;}@media all and (max-width: 1024px){.kb-row-layout-id1914_5e3337-4f > .kt-row-column-wrap{grid-template-columns:minmax(0, 1fr);}}@media all and (max-width: 767px){.kb-row-layout-id1914_5e3337-4f > .kt-row-column-wrap{grid-template-columns:minmax(0, 1fr);}}<\/style><div class=\"kb-row-layout-wrap kb-row-layout-id1914_5e3337-4f alignnone wp-block-kadence-rowlayout\"><div class=\"kt-row-column-wrap kt-has-1-columns kt-row-layout-equal kt-tab-layout-inherit kt-mobile-layout-row kt-row-valign-top\">\n<style>.kadence-column1914_1c995a-b3 > .kt-inside-inner-col,.kadence-column1914_1c995a-b3 > .kt-inside-inner-col:before{border-top-left-radius:0px;border-top-right-radius:0px;border-bottom-right-radius:0px;border-bottom-left-radius:0px;}.kadence-column1914_1c995a-b3 > .kt-inside-inner-col:before{opacity:0.3;}.kadence-column1914_1c995a-b3{position:relative;}<\/style>\n<div class=\"wp-block-kadence-column kadence-column1914_1c995a-b3\"><div class=\"kt-inside-inner-col\"><\/div><\/div>\n\n<\/div><\/div><\/div><\/div>\n\n<\/div><\/div>\n\n<style>.kb-row-layout-id1914_c2bfac-dd > .kt-row-column-wrap{align-content:start;}:where(.kb-row-layout-id1914_c2bfac-dd > .kt-row-column-wrap) > .wp-block-kadence-column{justify-content:start;}.kb-row-layout-id1914_c2bfac-dd > .kt-row-column-wrap{column-gap:var(--global-kb-gap-md, 2rem);row-gap:var(--global-kb-gap-md, 2rem);padding-top:var(--global-kb-spacing-xl, 4rem);grid-template-columns:minmax(0, 1fr);}.kb-row-layout-id1914_c2bfac-dd > .kt-row-layout-overlay{opacity:0.30;}@media all and (max-width: 1024px){.kb-row-layout-id1914_c2bfac-dd > .kt-row-column-wrap{grid-template-columns:minmax(0, 1fr);}}@media all and (max-width: 767px){.kb-row-layout-id1914_c2bfac-dd > .kt-row-column-wrap{grid-template-columns:minmax(0, 1fr);}}<\/style><div class=\"kb-row-layout-wrap kb-row-layout-id1914_c2bfac-dd alignnone wp-block-kadence-rowlayout\"><div class=\"kt-row-column-wrap kt-has-1-columns kt-row-layout-equal kt-tab-layout-inherit kt-mobile-layout-row kt-row-valign-top\">\n<style>.kadence-column1914_602418-ea > .kt-inside-inner-col,.kadence-column1914_602418-ea > .kt-inside-inner-col:before{border-top-left-radius:0px;border-top-right-radius:0px;border-bottom-right-radius:0px;border-bottom-left-radius:0px;}.kadence-column1914_602418-ea > .kt-inside-inner-col:before{opacity:0.3;}.kadence-column1914_602418-ea{position:relative;}<\/style>\n<div class=\"wp-block-kadence-column kadence-column1914_602418-ea\"><div class=\"kt-inside-inner-col\">\n<h2 class=\"wp-block-heading has-text-align-center has-theme-palette-2-color has-theme-palette-7-background-color has-text-color has-background has-medium-font-size\"><strong>Les coffrets F\u00eate des M\u00e8res<\/strong><\/h2>\n\n\n<style>.kb-row-layout-id1914_1b2417-de > .kt-row-column-wrap{align-content:center;}:where(.kb-row-layout-id1914_1b2417-de > .kt-row-column-wrap) > .wp-block-kadence-column{justify-content:center;}.kb-row-layout-id1914_1b2417-de > .kt-row-column-wrap{column-gap:var(--global-kb-gap-md, 2rem);row-gap:var(--global-kb-gap-md, 2rem);padding-top:var(--global-kb-spacing-sm, 1.5rem);padding-bottom:var(--global-kb-spacing-sm, 1.5rem);grid-template-columns:minmax(0, 1fr);}.kb-row-layout-id1914_1b2417-de > .kt-row-layout-overlay{opacity:0.30;}@media all and (max-width: 1024px){.kb-row-layout-id1914_1b2417-de > .kt-row-column-wrap{grid-template-columns:minmax(0, 1fr);}}@media all and (max-width: 767px){.kb-row-layout-id1914_1b2417-de > .kt-row-column-wrap{grid-template-columns:minmax(0, 1fr);}}<\/style><div class=\"kb-row-layout-wrap kb-row-layout-id1914_1b2417-de alignnone wp-block-kadence-rowlayout\"><div class=\"kt-row-column-wrap kt-has-1-columns kt-row-layout-equal kt-tab-layout-inherit kt-mobile-layout-row kt-row-valign-middle\">\n<style>.kadence-column1914_a048df-d0 > .kt-inside-inner-col,.kadence-column1914_a048df-d0 > .kt-inside-inner-col:before{border-top-left-radius:0px;border-top-right-radius:0px;border-bottom-right-radius:0px;border-bottom-left-radius:0px;}.kadence-column1914_a048df-d0 > .kt-inside-inner-col:before{opacity:0.3;}.kadence-column1914_a048df-d0{position:relative;}<\/style>\n<div class=\"wp-block-kadence-column kadence-column1914_a048df-d0\"><div class=\"kt-inside-inner-col\"><style>.kb-image1914_72f81c-65.kb-image-is-ratio-size, .kb-image1914_72f81c-65 .kb-image-is-ratio-size{max-width:421px;width:100%;}.kb-image1914_72f81c-65 figure{max-width:421px;}.kb-image1914_72f81c-65 .image-is-svg, .kb-image1914_72f81c-65 .image-is-svg img{width:100%;}.kb-image1914_72f81c-65 .kb-image-has-overlay:after{opacity:0.3;}<\/style>\n<div class=\"wp-block-kadence-image kb-image1914_72f81c-65\"><figure class=\"aligncenter size-large\"><img loading=\"lazy\" decoding=\"async\" width=\"576\" height=\"1024\" src=\"https:\/\/savonock.fr\/wp-content\/uploads\/2024\/05\/Histoire-Instagram-Fete-Des-Meres-Floral-Beige-et-Rose-576x1024.png\" alt=\"\" class=\"kb-img wp-image-2609\" srcset=\"https:\/\/savonock.fr\/wp-content\/uploads\/2024\/05\/Histoire-Instagram-Fete-Des-Meres-Floral-Beige-et-Rose-576x1024.png 576w, https:\/\/savonock.fr\/wp-content\/uploads\/2024\/05\/Histoire-Instagram-Fete-Des-Meres-Floral-Beige-et-Rose-169x300.png 169w, https:\/\/savonock.fr\/wp-content\/uploads\/2024\/05\/Histoire-Instagram-Fete-Des-Meres-Floral-Beige-et-Rose-768x1365.png 768w, https:\/\/savonock.fr\/wp-content\/uploads\/2024\/05\/Histoire-Instagram-Fete-Des-Meres-Floral-Beige-et-Rose-864x1536.png 864w, https:\/\/savonock.fr\/wp-content\/uploads\/2024\/05\/Histoire-Instagram-Fete-Des-Meres-Floral-Beige-et-Rose.png 1080w\" sizes=\"auto, (max-width: 576px) 100vw, 576px\" \/><\/figure><\/div>\n\n\n\n<p class=\"has-text-align-center\">Les accessoires de ce coffret sont r\u00e9alis\u00e9s avec des tissus en coton fleuris, chambray et \u00e9ponge de bambou blanche.<\/p>\n\n\n\n<p class=\"has-text-align-center\"><strong>La fleur de douche<\/strong> : \u00e9ponge de bambou <\/p>\n\n\n\n<p class=\"has-text-align-center\"><strong>La pochette \u00e0 savon<\/strong> : ext\u00e9rieur en chambray et int\u00e9rieur en \u00e9ponge de bambou<\/p>\n\n\n\n<p class=\"has-text-align-center\"><strong>Les lingettes<\/strong> : une face en coton fleuri et chambray et l&rsquo;autre face en \u00e9ponge de bambou<\/p>\n\n\n<style>.wp-block-kadence-advancedbtn.kb-btns1914_604e77-f9{gap:var(--global-kb-gap-xs, 0.5rem );justify-content:center;align-items:center;}.kt-btns1914_604e77-f9 .kt-button{font-weight:normal;font-style:normal;}.kt-btns1914_604e77-f9 .kt-btn-wrap-0{margin-right:5px;}.wp-block-kadence-advancedbtn.kt-btns1914_604e77-f9 .kt-btn-wrap-0 .kt-button{color:#555555;border-color:#555555;}.wp-block-kadence-advancedbtn.kt-btns1914_604e77-f9 .kt-btn-wrap-0 .kt-button:hover, .wp-block-kadence-advancedbtn.kt-btns1914_604e77-f9 .kt-btn-wrap-0 .kt-button:focus{color:#ffffff;border-color:#444444;}.wp-block-kadence-advancedbtn.kt-btns1914_604e77-f9 .kt-btn-wrap-0 .kt-button::before{display:none;}.wp-block-kadence-advancedbtn.kt-btns1914_604e77-f9 .kt-btn-wrap-0 .kt-button:hover, .wp-block-kadence-advancedbtn.kt-btns1914_604e77-f9 .kt-btn-wrap-0 .kt-button:focus{background:#444444;}<\/style>\n<div class=\"wp-block-kadence-advancedbtn kb-buttons-wrap kb-btns1914_604e77-f9\"><style>ul.menu .wp-block-kadence-advancedbtn .kb-btn1914_271448-95.kb-button{width:initial;}<\/style><a class=\"kb-button kt-button button kb-btn1914_271448-95 kt-btn-size-standard kt-btn-width-type-auto kb-btn-global-fill kt-btn-has-text-true kt-btn-has-svg-false wp-block-kadence-singlebtn\" href=\"https:\/\/savonock.fr\/index.php\/accessoire-de-salle-de-bain\/\"><span class=\"kt-btn-inner-text\">Les accessoires<\/span><\/a><\/div>\n<\/div><\/div>\n\n<\/div><\/div>\n\n\n<h2 class=\"wp-block-heading has-text-align-center has-theme-palette-2-color has-theme-palette-7-background-color has-text-color has-background has-medium-font-size\"><strong>Les coffrets de No\u00ebl<\/strong><\/h2>\n<\/div><\/div>\n\n<\/div><\/div>\n\n<style>.kb-row-layout-id1914_33202f-56 > .kt-row-column-wrap{align-content:start;}:where(.kb-row-layout-id1914_33202f-56 > .kt-row-column-wrap) > .wp-block-kadence-column{justify-content:start;}.kb-row-layout-id1914_33202f-56 > .kt-row-column-wrap{column-gap:var(--global-kb-gap-md, 2rem);row-gap:var(--global-kb-gap-md, 2rem);padding-top:var(--global-kb-spacing-md, 2rem);padding-bottom:var(--global-kb-spacing-sm, 1.5rem);grid-template-columns:minmax(0, 1fr);}.kb-row-layout-id1914_33202f-56 > .kt-row-layout-overlay{opacity:0.30;}@media all and (max-width: 1024px){.kb-row-layout-id1914_33202f-56 > .kt-row-column-wrap{grid-template-columns:minmax(0, 1fr);}}@media all and (max-width: 767px){.kb-row-layout-id1914_33202f-56 > .kt-row-column-wrap{grid-template-columns:minmax(0, 1fr);}}<\/style><div class=\"kb-row-layout-wrap kb-row-layout-id1914_33202f-56 alignnone wp-block-kadence-rowlayout\"><div class=\"kt-row-column-wrap kt-has-1-columns kt-row-layout-equal kt-tab-layout-inherit kt-mobile-layout-row kt-row-valign-top\">\n<style>.kadence-column1914_6b6636-0a > .kt-inside-inner-col,.kadence-column1914_6b6636-0a > .kt-inside-inner-col:before{border-top-left-radius:0px;border-top-right-radius:0px;border-bottom-right-radius:0px;border-bottom-left-radius:0px;}.kadence-column1914_6b6636-0a > .kt-inside-inner-col{background-color:var(--global-palette2, #2B6CB0);}.kadence-column1914_6b6636-0a > .kt-inside-inner-col:before{opacity:0.3;}.kadence-column1914_6b6636-0a{position:relative;}<\/style>\n<div class=\"wp-block-kadence-column kadence-column1914_6b6636-0a\"><div class=\"kt-inside-inner-col\">\n<h2 class=\"wp-block-heading has-text-align-center has-theme-palette-9-color has-theme-palette-2-background-color has-text-color has-background\">Faites plaisir avec des coffrets de savons !<\/h2>\n<\/div><\/div>\n\n<\/div><\/div>\n\n<style>.kb-row-layout-id1914_65a376-62 > .kt-row-column-wrap{align-content:center;}:where(.kb-row-layout-id1914_65a376-62 > .kt-row-column-wrap) > .wp-block-kadence-column{justify-content:center;}.kb-row-layout-id1914_65a376-62 > .kt-row-column-wrap{column-gap:var(--global-kb-gap-lg, 4rem);row-gap:var(--global-kb-gap-md, 2rem);max-width:var( --global-content-width, 1475px );padding-left:var(--global-content-edge-padding);padding-right:var(--global-content-edge-padding);padding-top:var(--global-kb-spacing-sm, 1.5rem);padding-bottom:var(--global-kb-spacing-sm, 1.5rem);grid-template-columns:repeat(2, minmax(0, 1fr));}.kb-row-layout-id1914_65a376-62 > .kt-row-layout-overlay{opacity:0.30;}@media all and (max-width: 1024px){.kb-row-layout-id1914_65a376-62 > .kt-row-column-wrap{column-gap:var(--global-kb-gap-md, 2rem);padding-top:var(--global-kb-spacing-lg, 3rem);padding-right:var(--global-kb-spacing-lg, 3rem);padding-bottom:var(--global-kb-spacing-lg, 3rem);padding-left:var(--global-kb-spacing-lg, 3rem);grid-template-columns:minmax(0, 1fr);}}@media all and (max-width: 767px){.kb-row-layout-id1914_65a376-62 > .kt-row-column-wrap{grid-template-columns:minmax(0, 1fr);}}<\/style><div class=\"kb-row-layout-wrap kb-row-layout-id1914_65a376-62 alignfull has-theme-palette2-background-color kt-row-has-bg wp-block-kadence-rowlayout\"><div class=\"kt-row-column-wrap kt-has-2-columns kt-row-layout-equal kt-tab-layout-row kt-mobile-layout-row kt-row-valign-middle kb-theme-content-width\">\n<style>.kadence-column1914_3d1633-64 > .kt-inside-inner-col,.kadence-column1914_3d1633-64 > .kt-inside-inner-col:before{border-top-left-radius:0px;border-top-right-radius:0px;border-bottom-right-radius:0px;border-bottom-left-radius:0px;}.kadence-column1914_3d1633-64 > .kt-inside-inner-col:before{opacity:0.3;}.kadence-column1914_3d1633-64{text-align:left;}.kadence-column1914_3d1633-64{position:relative;}<\/style>\n<div class=\"wp-block-kadence-column kadence-column1914_3d1633-64 kb-section-dir-vertical inner-column-2\"><div class=\"kt-inside-inner-col\"><style>.kb-image1914_0b9cf8-b0 .kb-image-has-overlay:after{opacity:0.3;}<\/style>\n<figure class=\"wp-block-kadence-image kb-image1914_0b9cf8-b0 size-large kb-image-is-ratio-size\"><div class=\"kb-is-ratio-image kb-image-ratio-square\"><img loading=\"lazy\" decoding=\"async\" width=\"738\" height=\"1024\" src=\"https:\/\/savonock.fr\/wp-content\/uploads\/2023\/10\/image-noel-sapin-738x1024.jpg\" alt=\"\" class=\"kb-img wp-image-1154\" srcset=\"https:\/\/savonock.fr\/wp-content\/uploads\/2023\/10\/image-noel-sapin-738x1024.jpg 738w, https:\/\/savonock.fr\/wp-content\/uploads\/2023\/10\/image-noel-sapin-600x832.jpg 600w, https:\/\/savonock.fr\/wp-content\/uploads\/2023\/10\/image-noel-sapin-216x300.jpg 216w, https:\/\/savonock.fr\/wp-content\/uploads\/2023\/10\/image-noel-sapin-768x1065.jpg 768w, https:\/\/savonock.fr\/wp-content\/uploads\/2023\/10\/image-noel-sapin.jpg 894w\" sizes=\"auto, (max-width: 738px) 100vw, 738px\" \/><\/div><\/figure>\n<\/div><\/div>\n\n\n<style>.kadence-column1914_94addd-ab > .kt-inside-inner-col,.kadence-column1914_94addd-ab > .kt-inside-inner-col:before{border-top-left-radius:0px;border-top-right-radius:0px;border-bottom-right-radius:0px;border-bottom-left-radius:0px;}.kadence-column1914_94addd-ab > .kt-inside-inner-col{justify-content:center;flex-direction:column;display:flex;}.kadence-column1914_94addd-ab > .kt-inside-inner-col > .aligncenter{width:100%;}.kt-row-column-wrap > .kadence-column1914_94addd-ab{align-self:center;}.kt-inner-column-height-full:not(.kt-has-1-columns) > .wp-block-kadence-column.kadence-column1914_94addd-ab{align-self:auto;}.kt-inner-column-height-full:not(.kt-has-1-columns) > .wp-block-kadence-column.kadence-column1914_94addd-ab > .kt-inside-inner-col{display:flex;flex-direction:column;justify-content:center;}.kadence-column1914_94addd-ab > .kt-inside-inner-col:before{opacity:0.3;}.kadence-column1914_94addd-ab{text-align:left;}.kadence-column1914_94addd-ab{position:relative;}@media all and (max-width: 1024px){.kadence-column1914_94addd-ab > .kt-inside-inner-col{padding-top:0px;padding-right:0px;padding-bottom:0px;padding-left:0px;}}<\/style>\n<div class=\"wp-block-kadence-column kadence-column1914_94addd-ab kb-section-dir-vertical inner-column-1\"><div class=\"kt-inside-inner-col\"><style>.wp-block-kadence-advancedheading.kt-adv-heading1914_531e3e-c1, .wp-block-kadence-advancedheading.kt-adv-heading1914_531e3e-c1[data-kb-block=\"kb-adv-heading1914_531e3e-c1\"]{font-size:28px;line-height:1.2;font-style:normal;}.wp-block-kadence-advancedheading.kt-adv-heading1914_531e3e-c1 mark, .wp-block-kadence-advancedheading.kt-adv-heading1914_531e3e-c1[data-kb-block=\"kb-adv-heading1914_531e3e-c1\"] mark{font-style:normal;color:#f76a0c;padding-top:0px;padding-right:0px;padding-bottom:0px;padding-left:0px;}<\/style>\n<h2 class=\"kt-adv-heading1914_531e3e-c1 wp-block-kadence-advancedheading has-theme-palette-9-color has-text-color\" data-kb-block=\"kb-adv-heading1914_531e3e-c1\"><strong><strong>Cette ann\u00e9e \u00e0 l\u2019occasion des f\u00eates de No\u00ebl, <\/strong><\/strong><\/h2>\n\n\n\n<h2 class=\"wp-block-heading has-theme-palette-9-color has-text-color\" style=\"font-size:26px\">J<strong><strong>e vous propose des coffrets en \u00e9dition limit\u00e9<\/strong>e<\/strong><\/h2>\n\n\n\n<h2 class=\"wp-block-heading has-theme-palette-9-color has-text-color\" style=\"font-size:20px\">Une id\u00e9e cadeau id\u00e9ale \u00e0 offrir pour les f\u00eates de fin d&rsquo;ann\u00e9e.<\/h2>\n\n\n<style>.kb-image1914_4ffd07-17 .kb-image-has-overlay:after{opacity:0.3;}<\/style>\n<figure class=\"wp-block-kadence-image kb-image1914_4ffd07-17 size-large\"><img loading=\"lazy\" decoding=\"async\" width=\"1024\" height=\"693\" src=\"https:\/\/savonock.fr\/wp-content\/uploads\/2023\/10\/cadeau-1024x693.jpg\" alt=\"\" class=\"kb-img wp-image-1163\" srcset=\"https:\/\/savonock.fr\/wp-content\/uploads\/2023\/10\/cadeau-1024x693.jpg 1024w, https:\/\/savonock.fr\/wp-content\/uploads\/2023\/10\/cadeau-600x406.jpg 600w, https:\/\/savonock.fr\/wp-content\/uploads\/2023\/10\/cadeau-300x203.jpg 300w, https:\/\/savonock.fr\/wp-content\/uploads\/2023\/10\/cadeau-768x520.jpg 768w, https:\/\/savonock.fr\/wp-content\/uploads\/2023\/10\/cadeau.jpg 1280w\" sizes=\"auto, (max-width: 1024px) 100vw, 1024px\" \/><\/figure>\n<\/div><\/div>\n\n<\/div><\/div>\n\n<style>.kb-row-layout-id1914_a63292-08 > .kt-row-column-wrap{align-content:start;}:where(.kb-row-layout-id1914_a63292-08 > .kt-row-column-wrap) > .wp-block-kadence-column{justify-content:start;}.kb-row-layout-id1914_a63292-08 > .kt-row-column-wrap{column-gap:var(--global-kb-gap-md, 2rem);row-gap:var(--global-kb-gap-md, 2rem);padding-top:var(--global-kb-spacing-sm, 1.5rem);padding-bottom:var(--global-kb-spacing-sm, 1.5rem);grid-template-columns:minmax(0, 1fr);}.kb-row-layout-id1914_a63292-08 > .kt-row-layout-overlay{opacity:0.30;}@media all and (max-width: 1024px){.kb-row-layout-id1914_a63292-08 > .kt-row-column-wrap{grid-template-columns:minmax(0, 1fr);}}@media all and (max-width: 767px){.kb-row-layout-id1914_a63292-08 > .kt-row-column-wrap{grid-template-columns:minmax(0, 1fr);}}<\/style><div class=\"kb-row-layout-wrap kb-row-layout-id1914_a63292-08 alignnone wp-block-kadence-rowlayout\"><div class=\"kt-row-column-wrap kt-has-1-columns kt-row-layout-equal kt-tab-layout-inherit kt-mobile-layout-row kt-row-valign-top\">\n<style>.kadence-column1914_2a1ebe-ca > .kt-inside-inner-col,.kadence-column1914_2a1ebe-ca > .kt-inside-inner-col:before{border-top-left-radius:0px;border-top-right-radius:0px;border-bottom-right-radius:0px;border-bottom-left-radius:0px;}.kadence-column1914_2a1ebe-ca > .kt-inside-inner-col:before{opacity:0.3;}.kadence-column1914_2a1ebe-ca{position:relative;}<\/style>\n<div class=\"wp-block-kadence-column kadence-column1914_2a1ebe-ca\"><div class=\"kt-inside-inner-col\">\n<p class=\"has-text-align-center has-text-color has-link-color has-medium-font-size wp-elements-f9919d809908b089af7685e53f342867\" style=\"color:#750808\">Ces coffrets sont disponibles uniquement en boutique<\/p>\n\n\n<style>.wp-block-kadence-advancedbtn.kb-btns1914_d909f7-46{gap:var(--global-kb-gap-xs, 0.5rem );justify-content:center;align-items:center;}.kt-btns1914_d909f7-46 .kt-button{font-weight:normal;font-style:normal;}.kt-btns1914_d909f7-46 .kt-btn-wrap-0{margin-right:5px;}.wp-block-kadence-advancedbtn.kt-btns1914_d909f7-46 .kt-btn-wrap-0 .kt-button{color:#555555;border-color:#555555;}.wp-block-kadence-advancedbtn.kt-btns1914_d909f7-46 .kt-btn-wrap-0 .kt-button:hover, .wp-block-kadence-advancedbtn.kt-btns1914_d909f7-46 .kt-btn-wrap-0 .kt-button:focus{color:#ffffff;border-color:#444444;}.wp-block-kadence-advancedbtn.kt-btns1914_d909f7-46 .kt-btn-wrap-0 .kt-button::before{display:none;}.wp-block-kadence-advancedbtn.kt-btns1914_d909f7-46 .kt-btn-wrap-0 .kt-button:hover, .wp-block-kadence-advancedbtn.kt-btns1914_d909f7-46 .kt-btn-wrap-0 .kt-button:focus{background:#444444;}<\/style>\n<div class=\"wp-block-kadence-advancedbtn kb-buttons-wrap kb-btns1914_d909f7-46\"><style>ul.menu .wp-block-kadence-advancedbtn .kb-btn1914_dc1374-4d.kb-button{width:initial;}<\/style><a class=\"kb-button kt-button button kb-btn1914_dc1374-4d kt-btn-size-standard kt-btn-width-type-auto kb-btn-global-fill kt-btn-has-text-true kt-btn-has-svg-false wp-block-kadence-singlebtn\" href=\"https:\/\/savonock.fr\/index.php\/la-boutique\/\"><span class=\"kt-btn-inner-text\">Voir <\/span><\/a><\/div>\n<\/div><\/div>\n\n<\/div><\/div>","protected":false},"excerpt":{"rendered":"<p>Les coffrets F\u00eate des M\u00e8res Les accessoires de ce coffret sont r\u00e9alis\u00e9s avec des tissus en coton fleuris, chambray et \u00e9ponge de bambou blanche. La fleur de douche : \u00e9ponge de bambou La pochette \u00e0 savon : ext\u00e9rieur en chambray et int\u00e9rieur en \u00e9ponge de bambou Les lingettes : une face en coton fleuri et&#8230;<\/p>\n","protected":false},"author":1,"featured_media":0,"parent":0,"menu_order":0,"comment_status":"closed","ping_status":"closed","template":"","meta":{"_kad_post_transparent":"","_kad_post_title":"","_kad_post_layout":"normal","_kad_post_sidebar_id":"","_kad_post_content_style":"","_kad_post_vertical_padding":"","_kad_post_feature":"","_kad_post_feature_position":"","_kad_post_header":false,"_kad_post_footer":false,"footnotes":""},"class_list":["post-1914","page","type-page","status-publish","hentry"],"_links":{"self":[{"href":"https:\/\/savonock.fr\/index.php\/wp-json\/wp\/v2\/pages\/1914","targetHints":{"allow":["GET"]}}],"collection":[{"href":"https:\/\/savonock.fr\/index.php\/wp-json\/wp\/v2\/pages"}],"about":[{"href":"https:\/\/savonock.fr\/index.php\/wp-json\/wp\/v2\/types\/page"}],"author":[{"embeddable":true,"href":"https:\/\/savonock.fr\/index.php\/wp-json\/wp\/v2\/users\/1"}],"replies":[{"embeddable":true,"href":"https:\/\/savonock.fr\/index.php\/wp-json\/wp\/v2\/comments?post=1914"}],"version-history":[{"count":30,"href":"https:\/\/savonock.fr\/index.php\/wp-json\/wp\/v2\/pages\/1914\/revisions"}],"predecessor-version":[{"id":2617,"href":"https:\/\/savonock.fr\/index.php\/wp-json\/wp\/v2\/pages\/1914\/revisions\/2617"}],"wp:attachment":[{"href":"https:\/\/savonock.fr\/index.php\/wp-json\/wp\/v2\/media?parent=1914"}],"curies":[{"name":"wp","href":"https:\/\/api.w.org\/{rel}","templated":true}]}}