{"id":1852,"date":"2023-10-11T20:38:39","date_gmt":"2023-10-11T18:38:39","guid":{"rendered":"https:\/\/savonock.fr\/?page_id=1852"},"modified":"2023-10-17T10:15:35","modified_gmt":"2023-10-17T08:15:35","slug":"coffret-filet-sauve-savon","status":"publish","type":"page","link":"https:\/\/savonock.fr\/index.php\/coffret-filet-sauve-savon\/","title":{"rendered":"Coffret Pochette \u00e0 savon"},"content":{"rendered":"<style>.kb-row-layout-id1852_2324dc-18 > .kt-row-column-wrap{align-content:center;}:where(.kb-row-layout-id1852_2324dc-18 > .kt-row-column-wrap) > .wp-block-kadence-column{justify-content:center;}.kb-row-layout-id1852_2324dc-18 > .kt-row-column-wrap{column-gap:var(--global-kb-gap-lg, 4rem);row-gap:var(--global-kb-gap-md, 2rem);max-width:var( --global-content-width, 1475px );padding-left:var(--global-content-edge-padding);padding-right:var(--global-content-edge-padding);padding-top:var(--global-kb-spacing-4xl, 8rem);padding-bottom:var(--global-kb-spacing-sm, 1.5rem);grid-template-columns:minmax(0, 40%) minmax(0, 60%);}.kb-row-layout-id1852_2324dc-18 > .kt-row-layout-overlay{opacity:0.30;}@media all and (max-width: 1024px){.kb-row-layout-id1852_2324dc-18 > .kt-row-column-wrap{column-gap:var(--global-kb-gap-md, 2rem);padding-top:var(--global-kb-spacing-lg, 3rem);padding-bottom:var(--global-kb-spacing-lg, 3rem);grid-template-columns:minmax(0, 1fr);}}@media all and (max-width: 767px){.kb-row-layout-id1852_2324dc-18 > .kt-row-column-wrap{grid-template-columns:minmax(0, 1fr);}}<\/style><div class=\"kb-row-layout-wrap kb-row-layout-id1852_2324dc-18 alignfull has-theme-palette9-background-color kt-row-has-bg wp-block-kadence-rowlayout\"><div class=\"kt-row-column-wrap kt-has-2-columns kt-row-layout-equal kt-tab-layout-row kt-mobile-layout-row kt-row-valign-middle kb-theme-content-width\">\n<style>.kadence-column1852_de24a7-b7 > .kt-inside-inner-col,.kadence-column1852_de24a7-b7 > .kt-inside-inner-col:before{border-top-left-radius:0px;border-top-right-radius:0px;border-bottom-right-radius:0px;border-bottom-left-radius:0px;}.kadence-column1852_de24a7-b7 > .kt-inside-inner-col:before{opacity:0.3;}.kadence-column1852_de24a7-b7{text-align:left;}.kadence-column1852_de24a7-b7{position:relative;}<\/style>\n<div class=\"wp-block-kadence-column kadence-column1852_de24a7-b7 kb-section-dir-vertical inner-column-2\"><div class=\"kt-inside-inner-col\"><style>.kb-image1852_63b293-14.kb-image-is-ratio-size, .kb-image1852_63b293-14 .kb-image-is-ratio-size{max-width:434px;width:100%;}.kb-image1852_63b293-14{max-width:434px;}.image-is-svg.kb-image1852_63b293-14{-webkit-flex:0 1 100%;flex:0 1 100%;}.image-is-svg.kb-image1852_63b293-14 img{width:100%;}.kb-image1852_63b293-14 .kb-image-has-overlay:after{opacity:0.3;}<\/style>\n<figure class=\"wp-block-kadence-image kb-image1852_63b293-14 size-full kb-image-is-ratio-size\"><div class=\"kb-is-ratio-image kb-image-ratio-land43\"><img loading=\"lazy\" decoding=\"async\" width=\"671\" height=\"856\" src=\"https:\/\/savonock.fr\/wp-content\/uploads\/2023\/10\/pochette-a-savon-e1697028369385.jpg\" alt=\"\" class=\"kb-img wp-image-1002\" srcset=\"https:\/\/savonock.fr\/wp-content\/uploads\/2023\/10\/pochette-a-savon-e1697028369385.jpg 671w, https:\/\/savonock.fr\/wp-content\/uploads\/2023\/10\/pochette-a-savon-e1697028369385-235x300.jpg 235w\" sizes=\"auto, (max-width: 671px) 100vw, 671px\" \/><\/div><\/figure>\n<\/div><\/div>\n\n\n<style>.kadence-column1852_1d2e6d-5c > .kt-inside-inner-col,.kadence-column1852_1d2e6d-5c > .kt-inside-inner-col:before{border-top-left-radius:0px;border-top-right-radius:0px;border-bottom-right-radius:0px;border-bottom-left-radius:0px;}.kadence-column1852_1d2e6d-5c > .kt-inside-inner-col{justify-content:center;flex-direction:column;display:flex;}.kadence-column1852_1d2e6d-5c > .kt-inside-inner-col > .aligncenter{width:100%;}.kt-row-column-wrap > .kadence-column1852_1d2e6d-5c{align-self:center;}.kt-inner-column-height-full:not(.kt-has-1-columns) > .wp-block-kadence-column.kadence-column1852_1d2e6d-5c{align-self:auto;}.kt-inner-column-height-full:not(.kt-has-1-columns) > .wp-block-kadence-column.kadence-column1852_1d2e6d-5c > .kt-inside-inner-col{display:flex;flex-direction:column;justify-content:center;}.kadence-column1852_1d2e6d-5c > .kt-inside-inner-col:before{opacity:0.3;}.kadence-column1852_1d2e6d-5c{text-align:left;}.kadence-column1852_1d2e6d-5c{position:relative;}<\/style>\n<div class=\"wp-block-kadence-column kadence-column1852_1d2e6d-5c kb-section-dir-vertical inner-column-1\"><div class=\"kt-inside-inner-col\">\n<h2 class=\"wp-block-heading has--font-size\">Le coffret Pochette \u00e0 Savon<\/h2>\n\n\n<style>.wp-block-kadence-advancedheading.kt-adv-heading1852_b7cc82-48, .wp-block-kadence-advancedheading.kt-adv-heading1852_b7cc82-48[data-kb-block=\"kb-adv-heading1852_b7cc82-48\"]{margin-bottom:var(--global-kb-spacing-sm, 1.5rem);font-style:normal;}.wp-block-kadence-advancedheading.kt-adv-heading1852_b7cc82-48 mark, .wp-block-kadence-advancedheading.kt-adv-heading1852_b7cc82-48[data-kb-block=\"kb-adv-heading1852_b7cc82-48\"] mark{font-style:normal;color:#f76a0c;padding-top:0px;padding-right:0px;padding-bottom:0px;padding-left:0px;}<\/style>\n<p class=\"kt-adv-heading1852_b7cc82-48 wp-block-kadence-advancedheading has-theme-palette-3-color has-text-color\" data-kb-block=\"kb-adv-heading1852_b7cc82-48\">Ce coffret est compos\u00e9 de 1 savon parfum\u00e9 au choix et d&rsquo;une Pochette \u00e0 Savon<\/p>\n<\/div><\/div>\n\n<\/div><\/div>\n\n<style>.kb-row-layout-id1852_c070d9-85 > .kt-row-column-wrap{align-content:start;}:where(.kb-row-layout-id1852_c070d9-85 > .kt-row-column-wrap) > .wp-block-kadence-column{justify-content:start;}.kb-row-layout-id1852_c070d9-85 > .kt-row-column-wrap{column-gap:var(--global-kb-gap-lg, 4rem);row-gap:var(--global-kb-gap-md, 2rem);max-width:var( --global-content-width, 1475px );padding-left:var(--global-content-edge-padding);padding-right:var(--global-content-edge-padding);padding-top:var(--global-kb-spacing-sm, 1.5rem);padding-bottom:var(--global-kb-spacing-sm, 1.5rem);grid-template-columns:repeat(3, minmax(0, 1fr));}.kb-row-layout-id1852_c070d9-85 > .kt-row-layout-overlay{opacity:0.30;}@media all and (max-width: 1024px){.kb-row-layout-id1852_c070d9-85 > .kt-row-column-wrap{grid-template-columns:repeat(3, minmax(0, 1fr));}}@media all and (max-width: 767px){.kb-row-layout-id1852_c070d9-85 > .kt-row-column-wrap{grid-template-columns:minmax(0, 1fr);}}<\/style><div class=\"kb-row-layout-wrap kb-row-layout-id1852_c070d9-85 alignfull has-theme-palette9-background-color kt-row-has-bg wp-block-kadence-rowlayout\"><div class=\"kt-row-column-wrap kt-has-3-columns kt-row-layout-equal kt-tab-layout-inherit kt-mobile-layout-row kt-row-valign-top kb-theme-content-width\">\n<style>.kadence-column1852_9cc3cb-be > .kt-inside-inner-col,.kadence-column1852_9cc3cb-be > .kt-inside-inner-col:before{border-top-left-radius:0px;border-top-right-radius:0px;border-bottom-right-radius:0px;border-bottom-left-radius:0px;}.kadence-column1852_9cc3cb-be > .kt-inside-inner-col{background-color:var(--global-palette7, #EDF2F7);}.kadence-column1852_9cc3cb-be > .kt-inside-inner-col:before{opacity:0.3;background-color:var(--global-palette7, #EDF2F7);}.kadence-column1852_9cc3cb-be{position:relative;}<\/style>\n<div class=\"wp-block-kadence-column kadence-column1852_9cc3cb-be kb-section-has-overlay inner-column-1\"><div class=\"kt-inside-inner-col\"><style>.wp-block-kadence-advancedheading.kt-adv-heading1852_88188b-31, .wp-block-kadence-advancedheading.kt-adv-heading1852_88188b-31[data-kb-block=\"kb-adv-heading1852_88188b-31\"]{font-style:normal;}.wp-block-kadence-advancedheading.kt-adv-heading1852_88188b-31 mark, .wp-block-kadence-advancedheading.kt-adv-heading1852_88188b-31[data-kb-block=\"kb-adv-heading1852_88188b-31\"] mark{font-style:normal;color:#f76a0c;padding-top:0px;padding-right:0px;padding-bottom:0px;padding-left:0px;}<\/style>\n<p class=\"kt-adv-heading1852_88188b-31 wp-block-kadence-advancedheading has-theme-palette-4-color has-text-color\" data-kb-block=\"kb-adv-heading1852_88188b-31\">Coffret 1 savon OCK Nature + 1 Pochette \u00e0 savon<\/p>\n\n\n\n<h2 class=\"wp-block-heading has-text-align-center has-medium-font-size\"><strong>11.00 \u20ac<\/strong><\/h2>\n\n\n<style>.wp-block-kadence-advancedbtn.kb-btns1852_231caa-47{gap:var(--global-kb-gap-xs, 0.5rem );justify-content:center;align-items:center;}.kt-btns1852_231caa-47 .kt-button{font-weight:normal;font-style:normal;}.kt-btns1852_231caa-47 .kt-btn-wrap-0{margin-right:5px;}.wp-block-kadence-advancedbtn.kt-btns1852_231caa-47 .kt-btn-wrap-0 .kt-button{color:#555555;border-color:#555555;}.wp-block-kadence-advancedbtn.kt-btns1852_231caa-47 .kt-btn-wrap-0 .kt-button:hover, .wp-block-kadence-advancedbtn.kt-btns1852_231caa-47 .kt-btn-wrap-0 .kt-button:focus{color:#ffffff;border-color:#444444;}.wp-block-kadence-advancedbtn.kt-btns1852_231caa-47 .kt-btn-wrap-0 .kt-button::before{display:none;}.wp-block-kadence-advancedbtn.kt-btns1852_231caa-47 .kt-btn-wrap-0 .kt-button:hover, .wp-block-kadence-advancedbtn.kt-btns1852_231caa-47 .kt-btn-wrap-0 .kt-button:focus{background:#444444;}<\/style>\n<div class=\"wp-block-kadence-advancedbtn kb-buttons-wrap kb-btns1852_231caa-47\"><style>ul.menu .wp-block-kadence-advancedbtn .kb-btn1852_77e001-b1.kb-button{width:initial;}<\/style><a class=\"kb-button kt-button button kb-btn1852_77e001-b1 kt-btn-size-standard kt-btn-width-type-auto kb-btn-global-fill kt-btn-has-text-true kt-btn-has-svg-false wp-block-kadence-singlebtn\" href=\"https:\/\/savonock.fr\/index.php\/comment-passer-commande\/\"><span class=\"kt-btn-inner-text\">Commander<\/span><\/a><\/div>\n<\/div><\/div>\n\n\n<style>.kadence-column1852_2456f3-7a > .kt-inside-inner-col,.kadence-column1852_2456f3-7a > .kt-inside-inner-col:before{border-top-left-radius:0px;border-top-right-radius:0px;border-bottom-right-radius:0px;border-bottom-left-radius:0px;}.kadence-column1852_2456f3-7a > .kt-inside-inner-col{background-color:var(--global-palette7, #EDF2F7);}.kadence-column1852_2456f3-7a > .kt-inside-inner-col:before{opacity:0.3;}.kadence-column1852_2456f3-7a{position:relative;}<\/style>\n<div class=\"wp-block-kadence-column kadence-column1852_2456f3-7a inner-column-1\"><div class=\"kt-inside-inner-col\">\n<p class=\"has-md-font-size\">Coffret 1 savon parfum\u00e9* + 1 Pochette \u00e0 savon<\/p>\n\n\n\n<p style=\"font-size:14px\">*hors OCK Savon\/Shampoing et OCK Petits Pieds<\/p>\n\n\n\n<h2 class=\"wp-block-heading has-text-align-center has-medium-font-size\"><strong>11.65 \u20ac<\/strong><\/h2>\n\n\n<style>.wp-block-kadence-advancedbtn.kb-btns1852_8f3944-f2{gap:var(--global-kb-gap-xs, 0.5rem );justify-content:center;align-items:center;}.kt-btns1852_8f3944-f2 .kt-button{font-weight:normal;font-style:normal;}.kt-btns1852_8f3944-f2 .kt-btn-wrap-0{margin-right:5px;}.wp-block-kadence-advancedbtn.kt-btns1852_8f3944-f2 .kt-btn-wrap-0 .kt-button{color:#555555;border-color:#555555;}.wp-block-kadence-advancedbtn.kt-btns1852_8f3944-f2 .kt-btn-wrap-0 .kt-button:hover, .wp-block-kadence-advancedbtn.kt-btns1852_8f3944-f2 .kt-btn-wrap-0 .kt-button:focus{color:#ffffff;border-color:#444444;}.wp-block-kadence-advancedbtn.kt-btns1852_8f3944-f2 .kt-btn-wrap-0 .kt-button::before{display:none;}.wp-block-kadence-advancedbtn.kt-btns1852_8f3944-f2 .kt-btn-wrap-0 .kt-button:hover, .wp-block-kadence-advancedbtn.kt-btns1852_8f3944-f2 .kt-btn-wrap-0 .kt-button:focus{background:#444444;}<\/style>\n<div class=\"wp-block-kadence-advancedbtn kb-buttons-wrap kb-btns1852_8f3944-f2\"><style>ul.menu .wp-block-kadence-advancedbtn .kb-btn1852_6107a6-05.kb-button{width:initial;}<\/style><a class=\"kb-button kt-button button kb-btn1852_6107a6-05 kt-btn-size-standard kt-btn-width-type-auto kb-btn-global-fill kt-btn-has-text-true kt-btn-has-svg-false wp-block-kadence-singlebtn\" href=\"https:\/\/savonock.fr\/index.php\/comment-passer-commande\/\"><span class=\"kt-btn-inner-text\">Commander<\/span><\/a><\/div>\n<\/div><\/div>\n\n\n<style>.kadence-column1852_a547f9-f6 > .kt-inside-inner-col,.kadence-column1852_a547f9-f6 > .kt-inside-inner-col:before{border-top-left-radius:0px;border-top-right-radius:0px;border-bottom-right-radius:0px;border-bottom-left-radius:0px;}.kadence-column1852_a547f9-f6 > .kt-inside-inner-col{background-color:var(--global-palette7, #EDF2F7);}.kadence-column1852_a547f9-f6 > .kt-inside-inner-col:before{opacity:0.3;}.kadence-column1852_a547f9-f6{position:relative;}<\/style>\n<div class=\"wp-block-kadence-column kadence-column1852_a547f9-f6\"><div class=\"kt-inside-inner-col\">\n<p class=\"has-md-font-size\">Coffret 1 OCK Savon\/Shampoing + 1 Pochette \u00e0 savon<\/p>\n\n\n\n<h2 class=\"wp-block-heading has-text-align-center has-medium-font-size\"><strong>12.50 \u20ac<\/strong><\/h2>\n\n\n<style>.wp-block-kadence-advancedbtn.kb-btns1852_9ba935-4f{gap:var(--global-kb-gap-xs, 0.5rem );justify-content:center;align-items:center;}.kt-btns1852_9ba935-4f .kt-button{font-weight:normal;font-style:normal;}.kt-btns1852_9ba935-4f .kt-btn-wrap-0{margin-right:5px;}.wp-block-kadence-advancedbtn.kt-btns1852_9ba935-4f .kt-btn-wrap-0 .kt-button{color:#555555;border-color:#555555;}.wp-block-kadence-advancedbtn.kt-btns1852_9ba935-4f .kt-btn-wrap-0 .kt-button:hover, .wp-block-kadence-advancedbtn.kt-btns1852_9ba935-4f .kt-btn-wrap-0 .kt-button:focus{color:#ffffff;border-color:#444444;}.wp-block-kadence-advancedbtn.kt-btns1852_9ba935-4f .kt-btn-wrap-0 .kt-button::before{display:none;}.wp-block-kadence-advancedbtn.kt-btns1852_9ba935-4f .kt-btn-wrap-0 .kt-button:hover, .wp-block-kadence-advancedbtn.kt-btns1852_9ba935-4f .kt-btn-wrap-0 .kt-button:focus{background:#444444;}<\/style>\n<div class=\"wp-block-kadence-advancedbtn kb-buttons-wrap kb-btns1852_9ba935-4f\"><style>ul.menu .wp-block-kadence-advancedbtn .kb-btn1852_af5b49-d4.kb-button{width:initial;}<\/style><a class=\"kb-button kt-button button kb-btn1852_af5b49-d4 kt-btn-size-standard kt-btn-width-type-auto kb-btn-global-fill kt-btn-has-text-true kt-btn-has-svg-false wp-block-kadence-singlebtn\" href=\"https:\/\/savonock.fr\/index.php\/comment-passer-commande\/\"><span class=\"kt-btn-inner-text\">Commander<\/span><\/a><\/div>\n<\/div><\/div>\n\n<\/div><\/div>\n\n\n<div class=\"wp-block-columns is-layout-flex wp-container-core-columns-is-layout-9d6595d7 wp-block-columns-is-layout-flex\">\n<div class=\"wp-block-column is-layout-flow wp-block-column-is-layout-flow\">\n<p class=\"has-text-align-center\">Vous pouvez choisir vos motifs de pochettes<\/p>\n\n\n<style>.wp-block-kadence-advancedbtn.kb-btns1852_057a83-8b{gap:var(--global-kb-gap-xs, 0.5rem );justify-content:center;align-items:center;}.kt-btns1852_057a83-8b .kt-button{font-weight:normal;font-style:normal;}.kt-btns1852_057a83-8b .kt-btn-wrap-0{margin-right:5px;}.wp-block-kadence-advancedbtn.kt-btns1852_057a83-8b .kt-btn-wrap-0 .kt-button{color:#555555;border-color:#555555;}.wp-block-kadence-advancedbtn.kt-btns1852_057a83-8b .kt-btn-wrap-0 .kt-button:hover, .wp-block-kadence-advancedbtn.kt-btns1852_057a83-8b .kt-btn-wrap-0 .kt-button:focus{color:#ffffff;border-color:#444444;}.wp-block-kadence-advancedbtn.kt-btns1852_057a83-8b .kt-btn-wrap-0 .kt-button::before{display:none;}.wp-block-kadence-advancedbtn.kt-btns1852_057a83-8b .kt-btn-wrap-0 .kt-button:hover, .wp-block-kadence-advancedbtn.kt-btns1852_057a83-8b .kt-btn-wrap-0 .kt-button:focus{background:#444444;}<\/style>\n<div class=\"wp-block-kadence-advancedbtn kb-buttons-wrap kb-btns1852_057a83-8b\"><style>ul.menu .wp-block-kadence-advancedbtn .kb-btn1852_981e30-c6.kb-button{width:initial;}<\/style><a class=\"kb-button kt-button button kb-btn1852_981e30-c6 kt-btn-size-standard kt-btn-width-type-auto kb-btn-global-fill kt-btn-has-text-true kt-btn-has-svg-false wp-block-kadence-singlebtn\" href=\"https:\/\/savonock.fr\/index.php\/la-pochette-a-savon\/\"><span class=\"kt-btn-inner-text\">Votre choix<\/span><\/a><\/div>\n<\/div>\n<\/div>\n","protected":false},"excerpt":{"rendered":"<p>Le coffret Pochette \u00e0 Savon Ce coffret est compos\u00e9 de 1 savon parfum\u00e9 au choix et d&rsquo;une Pochette \u00e0 Savon Coffret 1 savon OCK Nature + 1 Pochette \u00e0 savon 11.00 \u20ac Coffret 1 savon parfum\u00e9* + 1 Pochette \u00e0 savon *hors OCK Savon\/Shampoing et OCK Petits Pieds 11.65 \u20ac Coffret 1 OCK Savon\/Shampoing +&#8230;<\/p>\n","protected":false},"author":1,"featured_media":0,"parent":0,"menu_order":0,"comment_status":"closed","ping_status":"closed","template":"","meta":{"_kad_post_transparent":"","_kad_post_title":"","_kad_post_layout":"","_kad_post_sidebar_id":"","_kad_post_content_style":"","_kad_post_vertical_padding":"","_kad_post_feature":"","_kad_post_feature_position":"","_kad_post_header":false,"_kad_post_footer":false,"footnotes":""},"class_list":["post-1852","page","type-page","status-publish","hentry"],"_links":{"self":[{"href":"https:\/\/savonock.fr\/index.php\/wp-json\/wp\/v2\/pages\/1852","targetHints":{"allow":["GET"]}}],"collection":[{"href":"https:\/\/savonock.fr\/index.php\/wp-json\/wp\/v2\/pages"}],"about":[{"href":"https:\/\/savonock.fr\/index.php\/wp-json\/wp\/v2\/types\/page"}],"author":[{"embeddable":true,"href":"https:\/\/savonock.fr\/index.php\/wp-json\/wp\/v2\/users\/1"}],"replies":[{"embeddable":true,"href":"https:\/\/savonock.fr\/index.php\/wp-json\/wp\/v2\/comments?post=1852"}],"version-history":[{"count":9,"href":"https:\/\/savonock.fr\/index.php\/wp-json\/wp\/v2\/pages\/1852\/revisions"}],"predecessor-version":[{"id":2272,"href":"https:\/\/savonock.fr\/index.php\/wp-json\/wp\/v2\/pages\/1852\/revisions\/2272"}],"wp:attachment":[{"href":"https:\/\/savonock.fr\/index.php\/wp-json\/wp\/v2\/media?parent=1852"}],"curies":[{"name":"wp","href":"https:\/\/api.w.org\/{rel}","templated":true}]}}