{"id":1693,"date":"2023-10-10T15:52:39","date_gmt":"2023-10-10T13:52:39","guid":{"rendered":"https:\/\/savonock.fr\/?page_id=1693"},"modified":"2023-10-17T22:28:21","modified_gmt":"2023-10-17T20:28:21","slug":"le-travail-a-facon","status":"publish","type":"page","link":"https:\/\/savonock.fr\/index.php\/le-travail-a-facon\/","title":{"rendered":"Le Travail \u00e0 fa\u00e7on"},"content":{"rendered":"\n<div style=\"height:100px\" aria-hidden=\"true\" class=\"wp-block-spacer\"><\/div>\n\n\n\n<div style=\"height:27px\" aria-hidden=\"true\" class=\"wp-block-spacer\"><\/div>\n\n\n<style>.kb-row-layout-id1693_a0da86-5f > .kt-row-column-wrap{align-content:start;}:where(.kb-row-layout-id1693_a0da86-5f > .kt-row-column-wrap) > .wp-block-kadence-column{justify-content:start;}.kb-row-layout-id1693_a0da86-5f > .kt-row-column-wrap{column-gap:var(--global-kb-gap-md, 2rem);row-gap:var(--global-kb-gap-md, 2rem);padding-top:var(--global-kb-spacing-xxl, 5rem);padding-bottom:var(--global-kb-spacing-sm, 1.5rem);grid-template-columns:repeat(2, minmax(0, 1fr));}.kb-row-layout-id1693_a0da86-5f > .kt-row-layout-overlay{opacity:0.30;}@media all and (max-width: 1024px){.kb-row-layout-id1693_a0da86-5f > .kt-row-column-wrap{grid-template-columns:repeat(2, minmax(0, 1fr));}}@media all and (max-width: 767px){.kb-row-layout-id1693_a0da86-5f > .kt-row-column-wrap{grid-template-columns:minmax(0, 1fr);}}<\/style><div class=\"kb-row-layout-wrap kb-row-layout-id1693_a0da86-5f alignnone has-theme-palette7-background-color kt-row-has-bg wp-block-kadence-rowlayout\"><div class=\"kt-row-column-wrap kt-has-2-columns kt-row-layout-equal kt-tab-layout-inherit kt-mobile-layout-row kt-row-valign-top\">\n<style>.kadence-column1693_fcf4f1-5b > .kt-inside-inner-col,.kadence-column1693_fcf4f1-5b > .kt-inside-inner-col:before{border-top-left-radius:0px;border-top-right-radius:0px;border-bottom-right-radius:0px;border-bottom-left-radius:0px;}.kadence-column1693_fcf4f1-5b > .kt-inside-inner-col:before{opacity:0.3;}.kadence-column1693_fcf4f1-5b{position:relative;}<\/style>\n<div class=\"wp-block-kadence-column kadence-column1693_fcf4f1-5b\"><div class=\"kt-inside-inner-col\"><style>.kb-image1693_83957d-ee.kb-image-is-ratio-size, .kb-image1693_83957d-ee .kb-image-is-ratio-size{max-width:246px;width:100%;}.kb-image1693_83957d-ee figure{max-width:246px;}.kb-image1693_83957d-ee .image-is-svg, .kb-image1693_83957d-ee .image-is-svg img{width:100%;}.kb-image1693_83957d-ee .kb-image-has-overlay:after{opacity:0.3;}<\/style>\n<div class=\"wp-block-kadence-image kb-image1693_83957d-ee\"><figure class=\"aligncenter size-full\"><img loading=\"lazy\" decoding=\"async\" width=\"500\" height=\"500\" src=\"https:\/\/savonock.fr\/wp-content\/uploads\/2023\/10\/savon-dinvite-Copie.jpg\" alt=\"\" class=\"kb-img wp-image-1694\" srcset=\"https:\/\/savonock.fr\/wp-content\/uploads\/2023\/10\/savon-dinvite-Copie.jpg 500w, https:\/\/savonock.fr\/wp-content\/uploads\/2023\/10\/savon-dinvite-Copie-300x300.jpg 300w, https:\/\/savonock.fr\/wp-content\/uploads\/2023\/10\/savon-dinvite-Copie-150x150.jpg 150w\" sizes=\"auto, (max-width: 500px) 100vw, 500px\" \/><\/figure><\/div>\n<\/div><\/div>\n\n\n<style>.kadence-column1693_44f030-e0 > .kt-inside-inner-col,.kadence-column1693_44f030-e0 > .kt-inside-inner-col:before{border-top-left-radius:0px;border-top-right-radius:0px;border-bottom-right-radius:0px;border-bottom-left-radius:0px;}.kadence-column1693_44f030-e0 > .kt-inside-inner-col:before{opacity:0.3;}.kadence-column1693_44f030-e0{position:relative;}<\/style>\n<div class=\"wp-block-kadence-column kadence-column1693_44f030-e0\"><div class=\"kt-inside-inner-col\">\n<h2 class=\"wp-block-heading has-medium-font-size\"><strong>Offrez des Faveurs &#8230;<\/strong><\/h2>\n\n\n\n<p>Ces petits cadeaux \u00e0 offrir \u00e0 vos invit\u00e9s (Mariage, bapt\u00eame, anniversaire), offrez un cadeau personnalis\u00e9 pour remercier le ma\u00eetre ou la ma\u00eetresse d\u2019\u00e9cole de vos enfants,&nbsp;\u2026\u2026.. ou vous souhaitez tout simplement trouver une&nbsp;id\u00e9e originale&nbsp;pour vos cadeaux.<\/p>\n\n\n<style>.wp-block-kadence-advancedbtn.kb-btns1693_e2d419-18{gap:var(--global-kb-gap-xs, 0.5rem );justify-content:center;align-items:center;}.kt-btns1693_e2d419-18 .kt-button{font-weight:normal;font-style:normal;}.kt-btns1693_e2d419-18 .kt-btn-wrap-0{margin-right:5px;}.wp-block-kadence-advancedbtn.kt-btns1693_e2d419-18 .kt-btn-wrap-0 .kt-button{color:#555555;border-color:#555555;}.wp-block-kadence-advancedbtn.kt-btns1693_e2d419-18 .kt-btn-wrap-0 .kt-button:hover, .wp-block-kadence-advancedbtn.kt-btns1693_e2d419-18 .kt-btn-wrap-0 .kt-button:focus{color:#ffffff;border-color:#444444;}.wp-block-kadence-advancedbtn.kt-btns1693_e2d419-18 .kt-btn-wrap-0 .kt-button::before{display:none;}.wp-block-kadence-advancedbtn.kt-btns1693_e2d419-18 .kt-btn-wrap-0 .kt-button:hover, .wp-block-kadence-advancedbtn.kt-btns1693_e2d419-18 .kt-btn-wrap-0 .kt-button:focus{background:#444444;}<\/style>\n<div class=\"wp-block-kadence-advancedbtn kb-buttons-wrap kb-btns1693_e2d419-18\"><style>ul.menu .wp-block-kadence-advancedbtn .kb-btn1693_462e32-cc.kb-button{width:initial;}.wp-block-kadence-advancedbtn .kb-btn1693_462e32-cc.kb-button{color:var(--global-palette2, #2B6CB0);background:var(--global-palette9, #ffffff);border-top-color:var(--global-palette7, #EDF2F7);border-top-style:solid;border-right-color:var(--global-palette7, #EDF2F7);border-right-style:solid;border-bottom-color:var(--global-palette7, #EDF2F7);border-bottom-style:solid;border-left-color:var(--global-palette7, #EDF2F7);border-left-style:solid;}@media all and (max-width: 1024px){.wp-block-kadence-advancedbtn .kb-btn1693_462e32-cc.kb-button{border-top-color:var(--global-palette7, #EDF2F7);border-top-style:solid;border-right-color:var(--global-palette7, #EDF2F7);border-right-style:solid;border-bottom-color:var(--global-palette7, #EDF2F7);border-bottom-style:solid;border-left-color:var(--global-palette7, #EDF2F7);border-left-style:solid;}}@media all and (max-width: 767px){.wp-block-kadence-advancedbtn .kb-btn1693_462e32-cc.kb-button{border-top-color:var(--global-palette7, #EDF2F7);border-top-style:solid;border-right-color:var(--global-palette7, #EDF2F7);border-right-style:solid;border-bottom-color:var(--global-palette7, #EDF2F7);border-bottom-style:solid;border-left-color:var(--global-palette7, #EDF2F7);border-left-style:solid;}}<\/style><a class=\"kb-button kt-button button kb-btn1693_462e32-cc kt-btn-size-standard kt-btn-width-type-auto kb-btn-global-fill kt-btn-has-text-true kt-btn-has-svg-false wp-block-kadence-singlebtn\" href=\"https:\/\/savonock.fr\/index.php\/espace-particuliers\/\"><span class=\"kt-btn-inner-text\">En savoir +<\/span><\/a><\/div>\n<\/div><\/div>\n\n<\/div><\/div>\n\n<style>.kb-row-layout-id1693_672c31-93 > .kt-row-column-wrap{align-content:start;}:where(.kb-row-layout-id1693_672c31-93 > .kt-row-column-wrap) > .wp-block-kadence-column{justify-content:start;}.kb-row-layout-id1693_672c31-93 > .kt-row-column-wrap{column-gap:var(--global-kb-gap-md, 2rem);row-gap:var(--global-kb-gap-md, 2rem);padding-top:var(--global-kb-spacing-xs, 1rem);padding-bottom:var(--global-kb-spacing-sm, 1.5rem);grid-template-columns:repeat(2, minmax(0, 1fr));}.kb-row-layout-id1693_672c31-93 > .kt-row-layout-overlay{opacity:0.30;}@media all and (max-width: 1024px){.kb-row-layout-id1693_672c31-93 > .kt-row-column-wrap{grid-template-columns:repeat(2, minmax(0, 1fr));}}@media all and (max-width: 767px){.kb-row-layout-id1693_672c31-93 > .kt-row-column-wrap{grid-template-columns:minmax(0, 1fr);}}<\/style><div class=\"kb-row-layout-wrap kb-row-layout-id1693_672c31-93 alignnone wp-block-kadence-rowlayout\"><div class=\"kt-row-column-wrap kt-has-2-columns kt-row-layout-equal kt-tab-layout-inherit kt-mobile-layout-row kt-row-valign-top\">\n<style>.kadence-column1693_ab6734-6f > .kt-inside-inner-col,.kadence-column1693_ab6734-6f > .kt-inside-inner-col:before{border-top-left-radius:0px;border-top-right-radius:0px;border-bottom-right-radius:0px;border-bottom-left-radius:0px;}.kadence-column1693_ab6734-6f > .kt-inside-inner-col:before{opacity:0.3;}.kadence-column1693_ab6734-6f{position:relative;}<\/style>\n<div class=\"wp-block-kadence-column kadence-column1693_ab6734-6f\"><div class=\"kt-inside-inner-col\">\n<h2 class=\"wp-block-heading has-medium-font-size\"><strong>H\u00f4tels, G\u00eetes, Entreprise, Comit\u00e9 d\u2019Entreprise, Association de parents d\u2019El\u00e8ves, \u2026<\/strong><\/h2>\n\n\n\n<p>Envie d\u2019offrir un cadeau unique, optez pour cadeau artisanal ! Un cadeau qui met en valeur le savoir-faire local !<\/p>\n\n\n\n<p>\u00c0 la recherche d\u2019un cadeau unique adapt\u00e9 \u00e0 votre entreprise ? &nbsp;Que ce soit pour offrir \u00e0 vos employ\u00e9s ou \u00e0 vos clients, pour des savons invit\u00e9s \u00e0 votre image, pour un h\u00f4tel, ou tout autre besoin, le savon est une id\u00e9e de cadeau utile qui ravira \u00e0 coup s\u00fbr.<\/p>\n\n\n<style>.wp-block-kadence-advancedbtn.kb-btns1693_f9cdac-b5{gap:var(--global-kb-gap-xs, 0.5rem );justify-content:center;align-items:center;}.kt-btns1693_f9cdac-b5 .kt-button{font-weight:normal;font-style:normal;}.kt-btns1693_f9cdac-b5 .kt-btn-wrap-0{margin-right:5px;}.wp-block-kadence-advancedbtn.kt-btns1693_f9cdac-b5 .kt-btn-wrap-0 .kt-button{color:#555555;border-color:#555555;}.wp-block-kadence-advancedbtn.kt-btns1693_f9cdac-b5 .kt-btn-wrap-0 .kt-button:hover, .wp-block-kadence-advancedbtn.kt-btns1693_f9cdac-b5 .kt-btn-wrap-0 .kt-button:focus{color:#ffffff;border-color:#444444;}.wp-block-kadence-advancedbtn.kt-btns1693_f9cdac-b5 .kt-btn-wrap-0 .kt-button::before{display:none;}.wp-block-kadence-advancedbtn.kt-btns1693_f9cdac-b5 .kt-btn-wrap-0 .kt-button:hover, .wp-block-kadence-advancedbtn.kt-btns1693_f9cdac-b5 .kt-btn-wrap-0 .kt-button:focus{background:#444444;}<\/style>\n<div class=\"wp-block-kadence-advancedbtn kb-buttons-wrap kb-btns1693_f9cdac-b5\"><style>ul.menu .wp-block-kadence-advancedbtn .kb-btn1693_e4202a-4c.kb-button{width:initial;}.wp-block-kadence-advancedbtn .kb-btn1693_e4202a-4c.kb-button{color:var(--global-palette2, #2B6CB0);border-top:3px solid var(--global-palette7, #EDF2F7);border-right:3px solid var(--global-palette7, #EDF2F7);border-bottom:3px solid var(--global-palette7, #EDF2F7);border-left:3px solid var(--global-palette7, #EDF2F7);}@media all and (max-width: 1024px){.wp-block-kadence-advancedbtn .kb-btn1693_e4202a-4c.kb-button{border-top:3px solid var(--global-palette7, #EDF2F7);border-right:3px solid var(--global-palette7, #EDF2F7);border-bottom:3px solid var(--global-palette7, #EDF2F7);border-left:3px solid var(--global-palette7, #EDF2F7);}}@media all and (max-width: 767px){.wp-block-kadence-advancedbtn .kb-btn1693_e4202a-4c.kb-button{border-top:3px solid var(--global-palette7, #EDF2F7);border-right:3px solid var(--global-palette7, #EDF2F7);border-bottom:3px solid var(--global-palette7, #EDF2F7);border-left:3px solid var(--global-palette7, #EDF2F7);}}<\/style><a class=\"kb-button kt-button button kb-btn1693_e4202a-4c kt-btn-size-standard kt-btn-width-type-auto kb-btn-global-fill kt-btn-has-text-true kt-btn-has-svg-false wp-block-kadence-singlebtn\" href=\"https:\/\/savonock.fr\/index.php\/espace-pro\/\"><span class=\"kt-btn-inner-text\">En savoir +<\/span><\/a><\/div>\n<\/div><\/div>\n\n\n<style>.kadence-column1693_495146-97 > .kt-inside-inner-col,.kadence-column1693_495146-97 > .kt-inside-inner-col:before{border-top-left-radius:0px;border-top-right-radius:0px;border-bottom-right-radius:0px;border-bottom-left-radius:0px;}.kadence-column1693_495146-97 > .kt-inside-inner-col:before{opacity:0.3;}.kadence-column1693_495146-97{position:relative;}<\/style>\n<div class=\"wp-block-kadence-column kadence-column1693_495146-97\"><div class=\"kt-inside-inner-col\"><style>.kb-image1693_dde4a3-00.kb-image-is-ratio-size, .kb-image1693_dde4a3-00 .kb-image-is-ratio-size{max-width:297px;width:100%;}.kb-image1693_dde4a3-00 figure{max-width:297px;}.kb-image1693_dde4a3-00 .image-is-svg, .kb-image1693_dde4a3-00 .image-is-svg img{width:100%;}.kb-image1693_dde4a3-00 .kb-image-has-overlay:after{opacity:0.3;}<\/style>\n<div class=\"wp-block-kadence-image kb-image1693_dde4a3-00\"><figure class=\"aligncenter size-large\"><img loading=\"lazy\" decoding=\"async\" width=\"1024\" height=\"769\" src=\"https:\/\/savonock.fr\/wp-content\/uploads\/2023\/10\/chris-ross-lewin-EVlB4PwK4dg-unsplash-1-1024x769.jpg\" alt=\"\" class=\"kb-img wp-image-1267\" srcset=\"https:\/\/savonock.fr\/wp-content\/uploads\/2023\/10\/chris-ross-lewin-EVlB4PwK4dg-unsplash-1-1024x769.jpg 1024w, https:\/\/savonock.fr\/wp-content\/uploads\/2023\/10\/chris-ross-lewin-EVlB4PwK4dg-unsplash-1-600x450.jpg 600w, https:\/\/savonock.fr\/wp-content\/uploads\/2023\/10\/chris-ross-lewin-EVlB4PwK4dg-unsplash-1-300x225.jpg 300w, https:\/\/savonock.fr\/wp-content\/uploads\/2023\/10\/chris-ross-lewin-EVlB4PwK4dg-unsplash-1-768x576.jpg 768w, https:\/\/savonock.fr\/wp-content\/uploads\/2023\/10\/chris-ross-lewin-EVlB4PwK4dg-unsplash-1.jpg 1351w\" sizes=\"auto, (max-width: 1024px) 100vw, 1024px\" \/><\/figure><\/div>\n<\/div><\/div>\n\n<\/div><\/div>","protected":false},"excerpt":{"rendered":"<p>Offrez des Faveurs &#8230; Ces petits cadeaux \u00e0 offrir \u00e0 vos invit\u00e9s (Mariage, bapt\u00eame, anniversaire), offrez un cadeau personnalis\u00e9 pour remercier le ma\u00eetre ou la ma\u00eetresse d\u2019\u00e9cole de vos enfants,&nbsp;\u2026\u2026.. ou vous souhaitez tout simplement trouver une&nbsp;id\u00e9e originale&nbsp;pour vos cadeaux. H\u00f4tels, G\u00eetes, Entreprise, Comit\u00e9 d\u2019Entreprise, Association de parents d\u2019El\u00e8ves, \u2026 Envie d\u2019offrir un cadeau unique,&#8230;<\/p>\n","protected":false},"author":1,"featured_media":0,"parent":0,"menu_order":0,"comment_status":"closed","ping_status":"closed","template":"","meta":{"_kad_post_transparent":"","_kad_post_title":"","_kad_post_layout":"normal","_kad_post_sidebar_id":"","_kad_post_content_style":"","_kad_post_vertical_padding":"","_kad_post_feature":"","_kad_post_feature_position":"","_kad_post_header":false,"_kad_post_footer":false,"footnotes":""},"class_list":["post-1693","page","type-page","status-publish","hentry"],"_links":{"self":[{"href":"https:\/\/savonock.fr\/index.php\/wp-json\/wp\/v2\/pages\/1693","targetHints":{"allow":["GET"]}}],"collection":[{"href":"https:\/\/savonock.fr\/index.php\/wp-json\/wp\/v2\/pages"}],"about":[{"href":"https:\/\/savonock.fr\/index.php\/wp-json\/wp\/v2\/types\/page"}],"author":[{"embeddable":true,"href":"https:\/\/savonock.fr\/index.php\/wp-json\/wp\/v2\/users\/1"}],"replies":[{"embeddable":true,"href":"https:\/\/savonock.fr\/index.php\/wp-json\/wp\/v2\/comments?post=1693"}],"version-history":[{"count":26,"href":"https:\/\/savonock.fr\/index.php\/wp-json\/wp\/v2\/pages\/1693\/revisions"}],"predecessor-version":[{"id":2291,"href":"https:\/\/savonock.fr\/index.php\/wp-json\/wp\/v2\/pages\/1693\/revisions\/2291"}],"wp:attachment":[{"href":"https:\/\/savonock.fr\/index.php\/wp-json\/wp\/v2\/media?parent=1693"}],"curies":[{"name":"wp","href":"https:\/\/api.w.org\/{rel}","templated":true}]}}