{"id":1452,"date":"2023-10-09T09:27:05","date_gmt":"2023-10-09T07:27:05","guid":{"rendered":"https:\/\/savonock.fr\/?page_id=1452"},"modified":"2023-10-09T09:27:05","modified_gmt":"2023-10-09T07:27:05","slug":"mentions-legales","status":"publish","type":"page","link":"https:\/\/savonock.fr\/index.php\/mentions-legales\/","title":{"rendered":"Mentions L\u00e9gales"},"content":{"rendered":"\n<p><strong>Mentions L\u00e9gales<\/strong><\/p>\n\n\n\n<ol class=\"wp-block-list\" type=\"1\">\n<li><strong>Informations l\u00e9gales :<\/strong><\/li>\n<\/ol>\n\n\n\n<p>Nom du site web : savonock.fr<br>Adresse : 12 rue du Pastural &#8211; 81240 Saint Amans Valtoret<br>T\u00e9l\u00e9phone : 06.02.28.15.64<br>Adresse \u00e9lectronique : savonneriebulledolicopkar@gmail.com<\/p>\n\n\n\n<p>Le directeur de la publication et responsable de la r\u00e9daction : Mme BARTHES Anne<\/p>\n\n\n\n<ul class=\"wp-block-list\">\n<li><strong>H\u00e9bergement :<\/strong><\/li>\n<\/ul>\n\n\n\n<p>Nom de l&rsquo;h\u00e9bergeur : OVH Cloud<br>Adresse de l&rsquo;h\u00e9bergeur : 2 rue Kellermann &#8211; 59100 Roubaix &#8211; France<\/p>\n\n\n\n<ul class=\"wp-block-list\">\n<li><strong>Propri\u00e9t\u00e9 intellectuelle :<\/strong><\/li>\n<\/ul>\n\n\n\n<p>Le contenu de ce site, incluant, de fa\u00e7on non limitative, les graphiques, images, textes, vid\u00e9os, animations, sons, logos, gifs et ic\u00f4nes ainsi que leur mise en forme sont la propri\u00e9t\u00e9 exclusive de Savonnerie Bulle d&rsquo;Olicopkar \u00e0 l&rsquo;exception des marques, logos ou contenus appartenant \u00e0 d&rsquo;autres soci\u00e9t\u00e9s partenaires ou auteurs.<\/p>\n\n\n\n<ul class=\"wp-block-list\">\n<li><strong>Protection des donn\u00e9es personnelles :<\/strong><\/li>\n<\/ul>\n\n\n\n<p>Conform\u00e9ment au R\u00e8glement G\u00e9n\u00e9ral sur la Protection des Donn\u00e9es (RGPD), les informations que vous nous communiquez via les formulaires pr\u00e9sents sur le site ne seront utilis\u00e9es que pour les besoins de Gestion des demandes, Elaboration statistiques commerciales, Prospection commerciales et ne seront transmises \u00e0 aucun tiers.<\/p>\n\n\n\n<p>Vous disposez d&rsquo;un droit d&rsquo;acc\u00e8s, de rectification et d&rsquo;opposition \u00e0 vos donn\u00e9es. Pour cela, il vous suffit de nous en faire la demande en ligne ou par courrier en nous indiquant vos nom, pr\u00e9nom, adresse.<\/p>\n\n\n\n<ul class=\"wp-block-list\">\n<li><strong>Cookies :<\/strong><\/li>\n<\/ul>\n\n\n\n<p>Lors de votre visite sur savonock.fr, des cookies peuvent \u00eatre install\u00e9s automatiquement sur votre logiciel de navigation. Ces cookies permettent de stocker des informations relatives \u00e0 votre navigation sur sanonock.fr En aucun cas, ces cookies ne permettent de vous identifier personnellement.<\/p>\n\n\n\n<p>Vous pouvez d\u00e9sactiver l&rsquo;utilisation de ces cookies en s\u00e9lectionnant les param\u00e8tres appropri\u00e9s dans votre navigateur.<\/p>\n\n\n\n<ul class=\"wp-block-list\">\n<li><strong>Limitation de responsabilit\u00e9 :<\/strong><\/li>\n<\/ul>\n\n\n\n<p>savonock.fr ne saurait \u00eatre tenu responsable des erreurs ou omissions contenues sur ce site. L&rsquo;utilisateur est seul responsable de l&rsquo;utilisation des informations contenues sur ce site.<\/p>\n","protected":false},"excerpt":{"rendered":"<p>Mentions L\u00e9gales Nom du site web : savonock.frAdresse : 12 rue du Pastural &#8211; 81240 Saint Amans ValtoretT\u00e9l\u00e9phone : 06.02.28.15.64Adresse \u00e9lectronique : savonneriebulledolicopkar@gmail.com Le directeur de la publication et responsable de la r\u00e9daction : Mme BARTHES Anne Nom de l&rsquo;h\u00e9bergeur : OVH CloudAdresse de l&rsquo;h\u00e9bergeur : 2 rue Kellermann &#8211; 59100 Roubaix &#8211; France Le&#8230;<\/p>\n","protected":false},"author":1,"featured_media":0,"parent":0,"menu_order":0,"comment_status":"closed","ping_status":"closed","template":"","meta":{"_kad_post_transparent":"","_kad_post_title":"","_kad_post_layout":"","_kad_post_sidebar_id":"","_kad_post_content_style":"","_kad_post_vertical_padding":"","_kad_post_feature":"","_kad_post_feature_position":"","_kad_post_header":false,"_kad_post_footer":false,"footnotes":""},"class_list":["post-1452","page","type-page","status-publish","hentry"],"_links":{"self":[{"href":"https:\/\/savonock.fr\/index.php\/wp-json\/wp\/v2\/pages\/1452","targetHints":{"allow":["GET"]}}],"collection":[{"href":"https:\/\/savonock.fr\/index.php\/wp-json\/wp\/v2\/pages"}],"about":[{"href":"https:\/\/savonock.fr\/index.php\/wp-json\/wp\/v2\/types\/page"}],"author":[{"embeddable":true,"href":"https:\/\/savonock.fr\/index.php\/wp-json\/wp\/v2\/users\/1"}],"replies":[{"embeddable":true,"href":"https:\/\/savonock.fr\/index.php\/wp-json\/wp\/v2\/comments?post=1452"}],"version-history":[{"count":2,"href":"https:\/\/savonock.fr\/index.php\/wp-json\/wp\/v2\/pages\/1452\/revisions"}],"predecessor-version":[{"id":1523,"href":"https:\/\/savonock.fr\/index.php\/wp-json\/wp\/v2\/pages\/1452\/revisions\/1523"}],"wp:attachment":[{"href":"https:\/\/savonock.fr\/index.php\/wp-json\/wp\/v2\/media?parent=1452"}],"curies":[{"name":"wp","href":"https:\/\/api.w.org\/{rel}","templated":true}]}}