{"id":1018,"date":"2023-10-03T16:14:10","date_gmt":"2023-10-03T14:14:10","guid":{"rendered":"https:\/\/savonock.fr\/?page_id=1018"},"modified":"2023-10-16T13:37:06","modified_gmt":"2023-10-16T11:37:06","slug":"les-eponges-konjac","status":"publish","type":"page","link":"https:\/\/savonock.fr\/index.php\/les-eponges-konjac\/","title":{"rendered":"Les \u00e9ponges Konjac"},"content":{"rendered":"<style>.kb-row-layout-id1018_64edd2-34 > .kt-row-column-wrap{align-content:start;}:where(.kb-row-layout-id1018_64edd2-34 > .kt-row-column-wrap) > .wp-block-kadence-column{justify-content:start;}.kb-row-layout-id1018_64edd2-34 > .kt-row-column-wrap{column-gap:var(--global-kb-gap-none, 0 );row-gap:var(--global-kb-gap-none, 0 );padding-top:0px;padding-right:0px;padding-bottom:0px;padding-left:0px;grid-template-columns:minmax(0, 1fr);}.kb-row-layout-id1018_64edd2-34 > .kt-row-layout-overlay{opacity:0.30;}@media all and (max-width: 1024px){.kb-row-layout-id1018_64edd2-34 > .kt-row-column-wrap{grid-template-columns:repeat(2, minmax(0, 1fr));}}@media all and (max-width: 767px){.kb-row-layout-id1018_64edd2-34 > .kt-row-column-wrap{grid-template-columns:minmax(0, 1fr);}}<\/style><div class=\"kb-row-layout-wrap kb-row-layout-id1018_64edd2-34 alignfull wp-block-kadence-rowlayout\"><div class=\"kt-row-column-wrap kt-has-2-columns kt-row-layout-row kt-tab-layout-inherit kt-mobile-layout-row kt-row-valign-top\">\n<style>.kadence-column1018_c68889-ab, .kt-inside-inner-col > .kadence-column1018_c68889-ab:not(.specificity){margin-right:0px;margin-left:0px;}.kadence-column1018_c68889-ab > .kt-inside-inner-col{padding-top:var(--global-kb-spacing-xxl, 5rem);padding-bottom:var(--global-kb-spacing-4xl, 8rem);}.kadence-column1018_c68889-ab > .kt-inside-inner-col,.kadence-column1018_c68889-ab > .kt-inside-inner-col:before{border-top-left-radius:0px;border-top-right-radius:0px;border-bottom-right-radius:0px;border-bottom-left-radius:0px;}.kadence-column1018_c68889-ab > .kt-inside-inner-col{background-image:url('https:\/\/savonock.fr\/wp-content\/uploads\/2023\/10\/Image-5-1.jpeg');background-size:cover;background-position:50% 50%;background-attachment:scroll;background-repeat:no-repeat;}.kadence-column1018_c68889-ab > .kt-inside-inner-col:before{opacity:0.7;background-color:var(--global-palette9, #ffffff);}.kadence-column1018_c68889-ab{text-align:left;}.kadence-column1018_c68889-ab{position:relative;}@media all and (max-width: 1024px){.kadence-column1018_c68889-ab > .kt-inside-inner-col{padding-top:var(--global-kb-spacing-lg, 3rem);padding-right:var(--global-kb-spacing-lg, 3rem);padding-bottom:var(--global-kb-spacing-lg, 3rem);padding-left:var(--global-kb-spacing-lg, 3rem);}}<\/style>\n<div class=\"wp-block-kadence-column kadence-column1018_c68889-ab kb-section-has-overlay kb-section-dir-vertical\"><div class=\"kt-inside-inner-col\"><style>.kb-row-layout-id1018_b0ca51-2f > .kt-row-column-wrap{align-content:start;}:where(.kb-row-layout-id1018_b0ca51-2f > .kt-row-column-wrap) > .wp-block-kadence-column{justify-content:start;}.kb-row-layout-id1018_b0ca51-2f > .kt-row-column-wrap{column-gap:var(--global-kb-gap-md, 2rem);row-gap:var(--global-kb-gap-md, 2rem);max-width:var( --global-content-width, 1475px );padding-left:var(--global-content-edge-padding);padding-right:var(--global-content-edge-padding);padding-top:var(--global-kb-spacing-sm, 1.5rem);padding-bottom:var(--global-kb-spacing-sm, 1.5rem);grid-template-columns:minmax(0, 1fr);}.kb-row-layout-id1018_b0ca51-2f > .kt-row-layout-overlay{opacity:0.30;}@media all and (max-width: 1024px){.kb-row-layout-id1018_b0ca51-2f > .kt-row-column-wrap{grid-template-columns:minmax(0, 1fr);}}@media all and (max-width: 767px){.kb-row-layout-id1018_b0ca51-2f > .kt-row-column-wrap{grid-template-columns:minmax(0, 1fr);}}<\/style><div class=\"kb-row-layout-wrap kb-row-layout-id1018_b0ca51-2f alignnone wp-block-kadence-rowlayout\"><div class=\"kt-row-column-wrap kt-has-1-columns kt-row-layout-equal kt-tab-layout-inherit kt-mobile-layout-row kt-row-valign-top kb-theme-content-width\">\n<style>.kadence-column1018_3ae7ef-bd > .kt-inside-inner-col,.kadence-column1018_3ae7ef-bd > .kt-inside-inner-col:before{border-top-left-radius:0px;border-top-right-radius:0px;border-bottom-right-radius:0px;border-bottom-left-radius:0px;}.kadence-column1018_3ae7ef-bd > .kt-inside-inner-col:before{opacity:0.3;}.kadence-column1018_3ae7ef-bd{position:relative;}<\/style>\n<div class=\"wp-block-kadence-column kadence-column1018_3ae7ef-bd kb-section-dir-vertical\"><div class=\"kt-inside-inner-col\"><style>.wp-block-kadence-advancedheading.kt-adv-heading1018_e478b0-6a, .wp-block-kadence-advancedheading.kt-adv-heading1018_e478b0-6a[data-kb-block=\"kb-adv-heading1018_e478b0-6a\"]{max-width:890px;margin-top:var(--global-kb-spacing-sm, 1.5rem);max-width:890px;font-size:var(--global-kb-font-size-xxl, 4rem);line-height:1;font-style:normal;}.wp-block-kadence-advancedheading.kt-adv-heading1018_e478b0-6a mark, .wp-block-kadence-advancedheading.kt-adv-heading1018_e478b0-6a[data-kb-block=\"kb-adv-heading1018_e478b0-6a\"] mark{font-style:normal;color:#f76a0c;padding-top:0px;padding-right:0px;padding-bottom:0px;padding-left:0px;}<\/style>\n<h2 class=\"kt-adv-heading1018_e478b0-6a wp-block-kadence-advancedheading has-theme-palette-3-color has-text-color\" data-kb-block=\"kb-adv-heading1018_e478b0-6a\">Eponge Konjac, 100 %  V\u00e9g\u00e9tale<\/h2>\n\n\n\n<ul class=\"wp-block-list\">\n<li class=\"has-large-font-size\">Sans colorants, sans additifs<\/li>\n\n\n\n<li class=\"has-large-font-size\">Permet de nettoyer la peau en profondeur<\/li>\n\n\n\n<li class=\"has-large-font-size\">Permet une exfoliation tout en douceur des peaux les plus fragiles<\/li>\n<\/ul>\n<\/div><\/div>\n\n<\/div><\/div><\/div><\/div>\n\n\n<style>.kadence-column1018_ef9444-92 > .kt-inside-inner-col{padding-left:40%;}.kadence-column1018_ef9444-92 > .kt-inside-inner-col,.kadence-column1018_ef9444-92 > .kt-inside-inner-col:before{border-top-left-radius:0px;border-top-right-radius:0px;border-bottom-right-radius:0px;border-bottom-left-radius:0px;}.kadence-column1018_ef9444-92 > .kt-inside-inner-col{background-color:var(--global-palette9, #ffffff);}.kadence-column1018_ef9444-92 > .kt-inside-inner-col:before{opacity:0.3;}.kadence-column1018_ef9444-92{text-align:left;}.kadence-column1018_ef9444-92{position:relative;}@media all and (max-width: 1024px){.kadence-column1018_ef9444-92 > .kt-inside-inner-col{padding-left:0%;}}<\/style>\n<div class=\"wp-block-kadence-column kadence-column1018_ef9444-92\"><div class=\"kt-inside-inner-col\"><style>.kb-row-layout-wrap.wp-block-kadence-rowlayout.kb-row-layout-id1018_f88e46-18{margin-top:-140px;}.kb-row-layout-id1018_f88e46-18 > .kt-row-column-wrap{align-content:start;}:where(.kb-row-layout-id1018_f88e46-18 > .kt-row-column-wrap) > .wp-block-kadence-column{justify-content:start;}.kb-row-layout-id1018_f88e46-18 > .kt-row-column-wrap{column-gap:40px;padding-top:40px;padding-right:40px;padding-bottom:40px;padding-left:40px;grid-template-columns:repeat(2, minmax(0, 1fr));}.kb-row-layout-id1018_f88e46-18 > .kt-row-layout-overlay{opacity:0.30;}@media all and (max-width: 1024px){.kb-row-layout-wrap.wp-block-kadence-rowlayout.kb-row-layout-id1018_f88e46-18{margin-top:0px;}}@media all and (max-width: 1024px){.kb-row-layout-id1018_f88e46-18 > .kt-row-column-wrap{grid-template-columns:repeat(2, minmax(0, 1fr));}}@media all and (max-width: 767px){.kb-row-layout-id1018_f88e46-18 > .kt-row-column-wrap{grid-template-columns:minmax(0, 1fr);}}<\/style><div class=\"kb-row-layout-wrap kb-row-layout-id1018_f88e46-18 alignnone has-theme-palette9-background-color kt-row-has-bg wp-block-kadence-rowlayout\"><div class=\"kt-row-column-wrap kt-has-2-columns kt-row-layout-equal kt-tab-layout-inherit kt-mobile-layout-row kt-row-valign-top\">\n<style>.kadence-column1018_6617fb-e2 > .kt-inside-inner-col{padding-top:0px;padding-bottom:0px;}.kadence-column1018_6617fb-e2 > .kt-inside-inner-col,.kadence-column1018_6617fb-e2 > .kt-inside-inner-col:before{border-top-left-radius:0px;border-top-right-radius:0px;border-bottom-right-radius:0px;border-bottom-left-radius:0px;}.kadence-column1018_6617fb-e2 > .kt-inside-inner-col:before{opacity:0.3;}.kadence-column1018_6617fb-e2{position:relative;}<\/style>\n<div class=\"wp-block-kadence-column kadence-column1018_6617fb-e2 kb-section-dir-vertical\"><div class=\"kt-inside-inner-col\"><style>.kadence-column1018_cae5c4-2e > .kt-inside-inner-col,.kadence-column1018_cae5c4-2e > .kt-inside-inner-col:before{border-top-left-radius:0px;border-top-right-radius:0px;border-bottom-right-radius:0px;border-bottom-left-radius:0px;}.kadence-column1018_cae5c4-2e > .kt-inside-inner-col:before{opacity:0.3;}.kadence-column1018_cae5c4-2e{position:relative;}<\/style>\n<div class=\"wp-block-kadence-column kadence-column1018_cae5c4-2e kb-section-dir-vertical\"><div class=\"kt-inside-inner-col\"><style>.wp-block-kadence-image.kb-image1018_c4e39e-91:not(.kb-specificity-added):not(.kb-extra-specificity-added){margin-top:0px;}.kb-image1018_c4e39e-91:not(.kb-image-is-ratio-size) .kb-img, .kb-image1018_c4e39e-91.kb-image-is-ratio-size{padding-top:0px;padding-bottom:0px;}.kb-image1018_c4e39e-91 .kb-image-has-overlay:after{opacity:0.3;}<\/style>\n<figure class=\"wp-block-kadence-image kb-image1018_c4e39e-91 size-full kb-image-is-ratio-size\"><div class=\"kb-is-ratio-image kb-image-ratio-land32\"><img loading=\"lazy\" decoding=\"async\" width=\"176\" height=\"176\" src=\"https:\/\/savonock.fr\/wp-content\/uploads\/2023\/10\/konjac-visage.webp\" alt=\"\" class=\"kb-img wp-image-920\" srcset=\"https:\/\/savonock.fr\/wp-content\/uploads\/2023\/10\/konjac-visage.webp 176w, https:\/\/savonock.fr\/wp-content\/uploads\/2023\/10\/konjac-visage-100x100.webp 100w, https:\/\/savonock.fr\/wp-content\/uploads\/2023\/10\/konjac-visage-150x150.webp 150w\" sizes=\"auto, (max-width: 176px) 100vw, 176px\" \/><\/div><\/figure>\n\n\n\n<p>Eponge Konjac Visage<\/p>\n\n\n\n<h2 class=\"wp-block-heading has-text-align-center has-medium-font-size\">6.00 \u20ac<\/h2>\n<\/div><\/div>\n\n\n<style>.wp-block-kadence-advancedbtn.kb-btns1018_6170d9-d7{gap:var(--global-kb-gap-xs, 0.5rem );justify-content:center;align-items:center;}.kt-btns1018_6170d9-d7 .kt-button{font-weight:normal;font-style:normal;}.kt-btns1018_6170d9-d7 .kt-btn-wrap-0{margin-right:5px;}.wp-block-kadence-advancedbtn.kt-btns1018_6170d9-d7 .kt-btn-wrap-0 .kt-button{color:#555555;border-color:#555555;}.wp-block-kadence-advancedbtn.kt-btns1018_6170d9-d7 .kt-btn-wrap-0 .kt-button:hover, .wp-block-kadence-advancedbtn.kt-btns1018_6170d9-d7 .kt-btn-wrap-0 .kt-button:focus{color:#ffffff;border-color:#444444;}.wp-block-kadence-advancedbtn.kt-btns1018_6170d9-d7 .kt-btn-wrap-0 .kt-button::before{display:none;}.wp-block-kadence-advancedbtn.kt-btns1018_6170d9-d7 .kt-btn-wrap-0 .kt-button:hover, .wp-block-kadence-advancedbtn.kt-btns1018_6170d9-d7 .kt-btn-wrap-0 .kt-button:focus{background:#444444;}<\/style>\n<div class=\"wp-block-kadence-advancedbtn kb-buttons-wrap kb-btns1018_6170d9-d7\"><style>ul.menu .wp-block-kadence-advancedbtn .kb-btn1018_8312e1-27.kb-button{width:initial;}<\/style><a class=\"kb-button kt-button button kb-btn1018_8312e1-27 kt-btn-size-standard kt-btn-width-type-auto kb-btn-global-fill kt-btn-has-text-true kt-btn-has-svg-false wp-block-kadence-singlebtn\" href=\"https:\/\/savonock.fr\/index.php\/comment-passer-commande\/\"><span class=\"kt-btn-inner-text\">Commander<\/span><\/a><\/div>\n<\/div><\/div>\n\n\n<style>.kadence-column1018_763780-be > .kt-inside-inner-col{padding-top:0px;padding-bottom:0px;}.kadence-column1018_763780-be > .kt-inside-inner-col,.kadence-column1018_763780-be > .kt-inside-inner-col:before{border-top-left-radius:0px;border-top-right-radius:0px;border-bottom-right-radius:0px;border-bottom-left-radius:0px;}.kadence-column1018_763780-be > .kt-inside-inner-col:before{opacity:0.3;}.kadence-column1018_763780-be{position:relative;}<\/style>\n<div class=\"wp-block-kadence-column kadence-column1018_763780-be kb-section-dir-vertical\"><div class=\"kt-inside-inner-col\"><style>.kadence-column1018_e2a2c4-10 > .kt-inside-inner-col,.kadence-column1018_e2a2c4-10 > .kt-inside-inner-col:before{border-top-left-radius:0px;border-top-right-radius:0px;border-bottom-right-radius:0px;border-bottom-left-radius:0px;}.kadence-column1018_e2a2c4-10 > .kt-inside-inner-col:before{opacity:0.3;}.kadence-column1018_e2a2c4-10{position:relative;}<\/style>\n<div class=\"wp-block-kadence-column kadence-column1018_e2a2c4-10 kb-section-dir-vertical\"><div class=\"kt-inside-inner-col\"><style>.wp-block-kadence-image.kb-image1018_6d91df-60:not(.kb-specificity-added):not(.kb-extra-specificity-added){margin-top:0px;}.kb-image1018_6d91df-60:not(.kb-image-is-ratio-size) .kb-img, .kb-image1018_6d91df-60.kb-image-is-ratio-size{padding-top:0px;padding-bottom:0px;}.kb-image1018_6d91df-60 .kb-image-has-overlay:after{opacity:0.3;}<\/style>\n<figure class=\"wp-block-kadence-image kb-image1018_6d91df-60 size-full kb-image-is-ratio-size\"><div class=\"kb-is-ratio-image kb-image-ratio-land32\"><img loading=\"lazy\" decoding=\"async\" width=\"176\" height=\"176\" src=\"https:\/\/savonock.fr\/wp-content\/uploads\/2023\/10\/konjac-corps.webp\" alt=\"\" class=\"kb-img wp-image-918\" srcset=\"https:\/\/savonock.fr\/wp-content\/uploads\/2023\/10\/konjac-corps.webp 176w, https:\/\/savonock.fr\/wp-content\/uploads\/2023\/10\/konjac-corps-100x100.webp 100w, https:\/\/savonock.fr\/wp-content\/uploads\/2023\/10\/konjac-corps-150x150.webp 150w\" sizes=\"auto, (max-width: 176px) 100vw, 176px\" \/><\/div><\/figure>\n\n\n\n<p>Eponge Konjac Corps<\/p>\n\n\n\n<h2 class=\"wp-block-heading has-text-align-center has-medium-font-size\">7.00 \u20ac<\/h2>\n<\/div><\/div>\n\n\n<style>.wp-block-kadence-advancedbtn.kb-btns1018_bdec61-7f{gap:var(--global-kb-gap-xs, 0.5rem );justify-content:center;align-items:center;}.kt-btns1018_bdec61-7f .kt-button{font-weight:normal;font-style:normal;}.kt-btns1018_bdec61-7f .kt-btn-wrap-0{margin-right:5px;}.wp-block-kadence-advancedbtn.kt-btns1018_bdec61-7f .kt-btn-wrap-0 .kt-button{color:#555555;border-color:#555555;}.wp-block-kadence-advancedbtn.kt-btns1018_bdec61-7f .kt-btn-wrap-0 .kt-button:hover, .wp-block-kadence-advancedbtn.kt-btns1018_bdec61-7f .kt-btn-wrap-0 .kt-button:focus{color:#ffffff;border-color:#444444;}.wp-block-kadence-advancedbtn.kt-btns1018_bdec61-7f .kt-btn-wrap-0 .kt-button::before{display:none;}.wp-block-kadence-advancedbtn.kt-btns1018_bdec61-7f .kt-btn-wrap-0 .kt-button:hover, .wp-block-kadence-advancedbtn.kt-btns1018_bdec61-7f .kt-btn-wrap-0 .kt-button:focus{background:#444444;}<\/style>\n<div class=\"wp-block-kadence-advancedbtn kb-buttons-wrap kb-btns1018_bdec61-7f\"><style>ul.menu .wp-block-kadence-advancedbtn .kb-btn1018_c01145-0a.kb-button{width:initial;}<\/style><a class=\"kb-button kt-button button kb-btn1018_c01145-0a kt-btn-size-standard kt-btn-width-type-auto kb-btn-global-fill kt-btn-has-text-true kt-btn-has-svg-false wp-block-kadence-singlebtn\" href=\"https:\/\/savonock.fr\/index.php\/comment-passer-commande\/\"><span class=\"kt-btn-inner-text\">Commander<\/span><\/a><\/div>\n<\/div><\/div>\n\n<\/div><\/div><\/div><\/div>\n\n<\/div><\/div>\n\n<style>.kb-row-layout-id1018_7d6340-5e > .kt-row-column-wrap{align-content:center;}:where(.kb-row-layout-id1018_7d6340-5e > .kt-row-column-wrap) > .wp-block-kadence-column{justify-content:center;}.kb-row-layout-id1018_7d6340-5e > .kt-row-column-wrap{column-gap:var(--global-kb-gap-lg, 4rem);row-gap:var(--global-kb-gap-md, 2rem);max-width:var( --global-content-width, 1475px );padding-left:var(--global-content-edge-padding);padding-right:var(--global-content-edge-padding);padding-top:var(--global-kb-spacing-sm, 1.5rem);padding-bottom:var(--global-kb-spacing-md, 2rem);grid-template-columns:minmax(0, 40%) minmax(0, 60%);}.kb-row-layout-id1018_7d6340-5e > .kt-row-layout-overlay{opacity:0.30;}@media all and (max-width: 1024px){.kb-row-layout-id1018_7d6340-5e > .kt-row-column-wrap{column-gap:var(--global-kb-gap-md, 2rem);padding-top:var(--global-kb-spacing-lg, 3rem);padding-bottom:var(--global-kb-spacing-lg, 3rem);grid-template-columns:minmax(0, 1fr);}}@media all and (max-width: 767px){.kb-row-layout-id1018_7d6340-5e > .kt-row-column-wrap{grid-template-columns:minmax(0, 1fr);}}<\/style><div class=\"kb-row-layout-wrap kb-row-layout-id1018_7d6340-5e alignfull has-theme-palette9-background-color kt-row-has-bg wp-block-kadence-rowlayout\"><div class=\"kt-row-column-wrap kt-has-2-columns kt-row-layout-equal kt-tab-layout-row kt-mobile-layout-row kt-row-valign-middle kb-theme-content-width\">\n<style>.kadence-column1018_fe98c9-fb > .kt-inside-inner-col,.kadence-column1018_fe98c9-fb > .kt-inside-inner-col:before{border-top-left-radius:0px;border-top-right-radius:0px;border-bottom-right-radius:0px;border-bottom-left-radius:0px;}.kadence-column1018_fe98c9-fb > .kt-inside-inner-col:before{opacity:0.3;}.kadence-column1018_fe98c9-fb{text-align:left;}.kadence-column1018_fe98c9-fb{position:relative;}<\/style>\n<div class=\"wp-block-kadence-column kadence-column1018_fe98c9-fb kb-section-dir-vertical inner-column-2\"><div class=\"kt-inside-inner-col\"><style>.kb-image1018_6f2f80-30 .kb-image-has-overlay:after{opacity:0.3;}<\/style>\n<figure class=\"wp-block-kadence-image kb-image1018_6f2f80-30 size-large kb-image-is-ratio-size\"><div class=\"kb-is-ratio-image kb-image-ratio-land43\"><img loading=\"lazy\" decoding=\"async\" width=\"769\" height=\"1024\" src=\"https:\/\/savonock.fr\/wp-content\/uploads\/2023\/10\/amorphophallus-titanum-konjac-769x1024.jpg\" alt=\"\" class=\"kb-img wp-image-1034\" srcset=\"https:\/\/savonock.fr\/wp-content\/uploads\/2023\/10\/amorphophallus-titanum-konjac-769x1024.jpg 769w, https:\/\/savonock.fr\/wp-content\/uploads\/2023\/10\/amorphophallus-titanum-konjac-600x799.jpg 600w, https:\/\/savonock.fr\/wp-content\/uploads\/2023\/10\/amorphophallus-titanum-konjac-225x300.jpg 225w, https:\/\/savonock.fr\/wp-content\/uploads\/2023\/10\/amorphophallus-titanum-konjac-768x1023.jpg 768w, https:\/\/savonock.fr\/wp-content\/uploads\/2023\/10\/amorphophallus-titanum-konjac.jpg 961w\" sizes=\"auto, (max-width: 769px) 100vw, 769px\" \/><\/div><\/figure>\n<\/div><\/div>\n\n\n<style>.kadence-column1018_019800-4f > .kt-inside-inner-col,.kadence-column1018_019800-4f > .kt-inside-inner-col:before{border-top-left-radius:0px;border-top-right-radius:0px;border-bottom-right-radius:0px;border-bottom-left-radius:0px;}.kadence-column1018_019800-4f > .kt-inside-inner-col{justify-content:center;flex-direction:column;display:flex;}.kadence-column1018_019800-4f > .kt-inside-inner-col > .aligncenter{width:100%;}.kt-row-column-wrap > .kadence-column1018_019800-4f{align-self:center;}.kt-inner-column-height-full:not(.kt-has-1-columns) > .wp-block-kadence-column.kadence-column1018_019800-4f{align-self:auto;}.kt-inner-column-height-full:not(.kt-has-1-columns) > .wp-block-kadence-column.kadence-column1018_019800-4f > .kt-inside-inner-col{display:flex;flex-direction:column;justify-content:center;}.kadence-column1018_019800-4f > .kt-inside-inner-col:before{opacity:0.3;}.kadence-column1018_019800-4f{text-align:left;}.kadence-column1018_019800-4f{position:relative;}<\/style>\n<div class=\"wp-block-kadence-column kadence-column1018_019800-4f kb-section-dir-vertical inner-column-1\"><div class=\"kt-inside-inner-col\"><style>.wp-block-kadence-advancedheading.kt-adv-heading1018_14e5f8-d0, .wp-block-kadence-advancedheading.kt-adv-heading1018_14e5f8-d0[data-kb-block=\"kb-adv-heading1018_14e5f8-d0\"]{margin-bottom:var(--global-kb-spacing-sm, 1.5rem);font-style:normal;}.wp-block-kadence-advancedheading.kt-adv-heading1018_14e5f8-d0 mark, .wp-block-kadence-advancedheading.kt-adv-heading1018_14e5f8-d0[data-kb-block=\"kb-adv-heading1018_14e5f8-d0\"] mark{font-style:normal;color:#f76a0c;padding-top:0px;padding-right:0px;padding-bottom:0px;padding-left:0px;}<\/style>\n<p class=\"kt-adv-heading1018_14e5f8-d0 wp-block-kadence-advancedheading has-theme-palette-3-color has-text-color\" data-kb-block=\"kb-adv-heading1018_14e5f8-d0\">Confectionn\u00e9e \u00e0 partir de la fibre du Konjac qui est une plante asiatique. Les fibres de l\u2019\u00e9ponge konjac une exfoliation tout en douceur des peaux les plus fragiles, de plus, le massage r\u00e9alis\u00e9 \u00e0 l\u2019aide de l\u2019\u00e9ponge est un vrai atout pour favoriser la circulation sanguine.<\/p>\n\n\n\n<p><strong>Pemi\u00e8re utilisation<\/strong>&nbsp;: Laisser l\u2019\u00e9ponge Konjac dans l\u2019eau ti\u00e8de pendant 3 \u00e0 5 minutes. Entre deux utilisations la r\u00e9hydrater en passant simplement l\u2019\u00e9ponge sur l\u2019eau ti\u00e8de. Une fois l\u2019\u00e9ponge devenue souple, masser d\u00e9licatement votre visage ou votre corps dans un mouvement circulaire avec ou sans produit nettoyant.<\/p>\n\n\n\n<p><strong>Apr\u00e8s chaque utilisation<\/strong>&nbsp;: rincez abondamment votre \u00e9ponge et essorez la d\u00e9licatement, puis conservez l\u00e0 dans un endroit sec. La dur\u00e9e de vie de l\u2019\u00e9ponge est de plusieurs mois, en changer quand elle commence \u00e0 se d\u00e9composer.<\/p>\n\n\n\n<p><strong>Recommandations<\/strong>&nbsp;: Ne pas tordre l\u2019\u00e9ponge Konjac, la suspendre entre deux utilisations pour qu\u2019elle s\u00e8che \u00e0 l\u2019air libre.<\/p>\n<\/div><\/div>\n\n<\/div><\/div>\n\n<style>.kadence-column1018_fee8db-ea, .kt-inside-inner-col > .kadence-column1018_fee8db-ea:not(.specificity){margin-right:0px;margin-left:0px;}.kadence-column1018_fee8db-ea > .kt-inside-inner-col{padding-top:var(--global-kb-spacing-xxl, 5rem);padding-bottom:var(--global-kb-spacing-4xl, 8rem);}.kadence-column1018_fee8db-ea > .kt-inside-inner-col,.kadence-column1018_fee8db-ea > .kt-inside-inner-col:before{border-top-left-radius:0px;border-top-right-radius:0px;border-bottom-right-radius:0px;border-bottom-left-radius:0px;}.kadence-column1018_fee8db-ea > .kt-inside-inner-col{background-image:url('https:\/\/savonock.fr\/wp-content\/uploads\/2023\/10\/Image-5-1.jpeg');background-size:cover;background-position:50% 50%;background-attachment:scroll;background-repeat:no-repeat;}.kadence-column1018_fee8db-ea > .kt-inside-inner-col:before{opacity:0.7;background-color:var(--global-palette9, #ffffff);}.kadence-column1018_fee8db-ea{text-align:left;}.kadence-column1018_fee8db-ea{position:relative;}@media all and (max-width: 1024px){.kadence-column1018_fee8db-ea > .kt-inside-inner-col{padding-top:var(--global-kb-spacing-lg, 3rem);padding-right:var(--global-kb-spacing-lg, 3rem);padding-bottom:var(--global-kb-spacing-lg, 3rem);padding-left:var(--global-kb-spacing-lg, 3rem);}}<\/style>\n<div class=\"wp-block-kadence-column kadence-column1018_fee8db-ea kb-section-has-overlay kb-section-dir-vertical\"><div class=\"kt-inside-inner-col\"><\/div><\/div>\n","protected":false},"excerpt":{"rendered":"<p>Eponge Konjac, 100 % V\u00e9g\u00e9tale Eponge Konjac Visage 6.00 \u20ac Eponge Konjac Corps 7.00 \u20ac Confectionn\u00e9e \u00e0 partir de la fibre du Konjac qui est une plante asiatique. Les fibres de l\u2019\u00e9ponge konjac une exfoliation tout en douceur des peaux les plus fragiles, de plus, le massage r\u00e9alis\u00e9 \u00e0 l\u2019aide de l\u2019\u00e9ponge est un vrai&#8230;<\/p>\n","protected":false},"author":1,"featured_media":0,"parent":0,"menu_order":0,"comment_status":"closed","ping_status":"closed","template":"","meta":{"_kad_post_transparent":"","_kad_post_title":"","_kad_post_layout":"normal","_kad_post_sidebar_id":"","_kad_post_content_style":"","_kad_post_vertical_padding":"","_kad_post_feature":"","_kad_post_feature_position":"","_kad_post_header":false,"_kad_post_footer":false,"footnotes":""},"class_list":["post-1018","page","type-page","status-publish","hentry"],"_links":{"self":[{"href":"https:\/\/savonock.fr\/index.php\/wp-json\/wp\/v2\/pages\/1018","targetHints":{"allow":["GET"]}}],"collection":[{"href":"https:\/\/savonock.fr\/index.php\/wp-json\/wp\/v2\/pages"}],"about":[{"href":"https:\/\/savonock.fr\/index.php\/wp-json\/wp\/v2\/types\/page"}],"author":[{"embeddable":true,"href":"https:\/\/savonock.fr\/index.php\/wp-json\/wp\/v2\/users\/1"}],"replies":[{"embeddable":true,"href":"https:\/\/savonock.fr\/index.php\/wp-json\/wp\/v2\/comments?post=1018"}],"version-history":[{"count":13,"href":"https:\/\/savonock.fr\/index.php\/wp-json\/wp\/v2\/pages\/1018\/revisions"}],"predecessor-version":[{"id":1649,"href":"https:\/\/savonock.fr\/index.php\/wp-json\/wp\/v2\/pages\/1018\/revisions\/1649"}],"wp:attachment":[{"href":"https:\/\/savonock.fr\/index.php\/wp-json\/wp\/v2\/media?parent=1018"}],"curies":[{"name":"wp","href":"https:\/\/api.w.org\/{rel}","templated":true}]}}